{"id":7665,"date":"2021-06-16T11:53:49","date_gmt":"2021-06-16T09:53:49","guid":{"rendered":"https:\/\/niezawodneczesci.pl\/\/?post_type=product&#038;p=7665"},"modified":"2026-04-28T12:06:56","modified_gmt":"2026-04-28T10:06:56","slug":"klocki-hamulcowe-gdb1594-peugeot","status":"publish","type":"product","link":"https:\/\/dev.niezawodneczesci.pl\/sk\/produkt\/klocki-hamulcowe-gdb1594-peugeot\/","title":{"rendered":"BRZDOV\u00c9 DESTI\u010cKY SUNRICH PREDN\u00c9 SR0288.02-1594"},"content":{"rendered":"<p>Numer WVA<\/p>\n<p>24175<\/p>\n<p>\u010c\u00edsla v\u00fdrobcov<br \/>\n24134 00 701 10<\/p>\n<p>OE \u010d\u00edsla<br \/>\nAPEC: PAD1417<br \/>\nATE: 13.0460-2891.2<br \/>\nATE: 13.0470-2891.2<br \/>\nBOSCH: 0 986 494 097<br \/>\nBREMBO: P 61 109<br \/>\nCITROEN: 1611456580<br \/>\nCITROEN: 425347<br \/>\nCITROEN: 425422<br \/>\nCITROEN: E172236<br \/>\nDELPHI: LP1890<br \/>\nFERODO: FDB1725<br \/>\nJURID: 573132JC<br \/>\nMINTEX: MDB3368<br \/>\nPEUGEOT: 1611456580<br \/>\nPEUGEOT: 1617259480<br \/>\nPEUGEOT: 425277<br \/>\nPEUGEOT: 425332<br \/>\nPEUGEOT: 425335<br \/>\nPEUGEOT: 425347<br \/>\nPEUGEOT: 425422<br \/>\nPEUGEOT: E172236<br \/>\nROADHOUSE: 21102.04<br \/>\nTEXTAR: 24134 187 1 5<br \/>\nTEXTAR: 2413401<br \/>\nTEXTAR: 2417501<br \/>\nTRW: GDB1594<br \/>\nVALEO: 598662<\/p>","protected":false},"excerpt":{"rendered":"<p>Numer WVA 24175 Numery producenta 24134 00 701 10 Numery OE APEC: PAD1417 ATE: 13.0460-2891.2 ATE: 13.0470-2891.2 BOSCH: 0 986 494 097 BREMBO: P 61 109 CITROEN: 1611456580 CITROEN: 425347 CITROEN: 425422 CITROEN: E172236 DELPHI: LP1890 FERODO: FDB1725 JURID: 573132JC MINTEX: MDB3368 PEUGEOT: 1611456580 PEUGEOT: 1617259480 PEUGEOT: 425277 PEUGEOT: 425332 PEUGEOT: 425335 PEUGEOT: 425347 PEUGEOT: [&hellip;]<\/p>\n","protected":false},"featured_media":14909,"template":"","meta":{"_monsterinsights_skip_tracking":false,"_monsterinsights_sitenote_active":false,"_monsterinsights_sitenote_note":"","_monsterinsights_sitenote_category":0},"product_brand":[],"product_cat":[149],"product_tag":[],"class_list":{"0":"post-7665","1":"product","2":"type-product","3":"status-publish","4":"has-post-thumbnail","6":"product_cat-klocki-hamulcowe","8":"first","9":"instock","10":"taxable","11":"shipping-taxable","12":"purchasable","13":"product-type-simple"},"_links":{"self":[{"href":"https:\/\/dev.niezawodneczesci.pl\/sk\/wp-json\/wp\/v2\/product\/7665","targetHints":{"allow":["GET"]}}],"collection":[{"href":"https:\/\/dev.niezawodneczesci.pl\/sk\/wp-json\/wp\/v2\/product"}],"about":[{"href":"https:\/\/dev.niezawodneczesci.pl\/sk\/wp-json\/wp\/v2\/types\/product"}],"version-history":[{"count":1,"href":"https:\/\/dev.niezawodneczesci.pl\/sk\/wp-json\/wp\/v2\/product\/7665\/revisions"}],"predecessor-version":[{"id":25794,"href":"https:\/\/dev.niezawodneczesci.pl\/sk\/wp-json\/wp\/v2\/product\/7665\/revisions\/25794"}],"wp:featuredmedia":[{"embeddable":true,"href":"https:\/\/dev.niezawodneczesci.pl\/sk\/wp-json\/wp\/v2\/media\/14909"}],"wp:attachment":[{"href":"https:\/\/dev.niezawodneczesci.pl\/sk\/wp-json\/wp\/v2\/media?parent=7665"}],"wp:term":[{"taxonomy":"product_brand","embeddable":true,"href":"https:\/\/dev.niezawodneczesci.pl\/sk\/wp-json\/wp\/v2\/product_brand?post=7665"},{"taxonomy":"product_cat","embeddable":true,"href":"https:\/\/dev.niezawodneczesci.pl\/sk\/wp-json\/wp\/v2\/product_cat?post=7665"},{"taxonomy":"product_tag","embeddable":true,"href":"https:\/\/dev.niezawodneczesci.pl\/sk\/wp-json\/wp\/v2\/product_tag?post=7665"}],"curies":[{"name":"wp","href":"https:\/\/api.w.org\/{rel}","templated":true}]}}