{"id":7668,"date":"2021-06-16T11:53:50","date_gmt":"2021-06-16T09:53:50","guid":{"rendered":"https:\/\/niezawodneczesci.pl\/\/?post_type=product&#038;p=7668"},"modified":"2026-04-28T12:06:56","modified_gmt":"2026-04-28T10:06:56","slug":"klocki-hamulcowe-gdb1518-peugeot-fiat-citroen","status":"publish","type":"product","link":"https:\/\/dev.niezawodneczesci.pl\/sk\/produkt\/klocki-hamulcowe-gdb1518-peugeot-fiat-citroen\/","title":{"rendered":"BRZDOV\u00c9 DESTI\u010cKY SUNRICH PREDN\u00c9 SR0282.02-1518"},"content":{"rendered":"<p>Numer WVA<\/p>\n<p>23920<\/p>\n<p>&nbsp;<\/p>\n<p>\u010c\u00edsla v\u00fdrobcov<br \/>\n23919 00 703 10<\/p>\n<p>OE \u010d\u00edsla<br \/>\nAPEC: PAD1251<br \/>\nATE: 13.0460-4979.2<br \/>\nBOSCH: 0 986 424 769<br \/>\nBREMBO: P 23 092<br \/>\nCITROEN: 425245<br \/>\nCITROEN: 425459<br \/>\nDELPHI: LP1751<br \/>\nFERODO: FDB1479<br \/>\nFERODO: FVR1479<br \/>\nFIAT: 71752978<br \/>\nFIAT: 77362216<br \/>\nFIAT: 77364859<br \/>\nFIAT: 9949362<br \/>\nFIAT: 9949517<br \/>\nJURID: 573114J<br \/>\nMINTEX: MDB2329<br \/>\nPEUGEOT: 425244<br \/>\nPEUGEOT: 425459<br \/>\nTEXTAR: 23919 183 0 5<br \/>\nTEXTAR: 23919 183 0 5 T4136<br \/>\nTEXTAR: 23919 191 1 5<br \/>\nTEXTAR: 2391901<br \/>\nTRW: GDB1518<br \/>\nTRW: GDB1521<br \/>\nVALEO: 598569<\/p>","protected":false},"excerpt":{"rendered":"<p>Numer WVA 23920 &nbsp; Numery producenta 23919 00 703 10 Numery OE APEC: PAD1251 ATE: 13.0460-4979.2 BOSCH: 0 986 424 769 BREMBO: P 23 092 CITROEN: 425245 CITROEN: 425459 DELPHI: LP1751 FERODO: FDB1479 FERODO: FVR1479 FIAT: 71752978 FIAT: 77362216 FIAT: 77364859 FIAT: 9949362 FIAT: 9949517 JURID: 573114J MINTEX: MDB2329 PEUGEOT: 425244 PEUGEOT: 425459 TEXTAR: 23919 [&hellip;]<\/p>\n","protected":false},"featured_media":16135,"template":"","meta":{"_monsterinsights_skip_tracking":false,"_monsterinsights_sitenote_active":false,"_monsterinsights_sitenote_note":"","_monsterinsights_sitenote_category":0},"product_brand":[],"product_cat":[149,447],"product_tag":[],"class_list":{"0":"post-7668","1":"product","2":"type-product","3":"status-publish","4":"has-post-thumbnail","6":"product_cat-klocki-hamulcowe","7":"product_cat-promocja","9":"first","10":"instock","11":"sale","12":"taxable","13":"shipping-taxable","14":"purchasable","15":"product-type-simple"},"_links":{"self":[{"href":"https:\/\/dev.niezawodneczesci.pl\/sk\/wp-json\/wp\/v2\/product\/7668","targetHints":{"allow":["GET"]}}],"collection":[{"href":"https:\/\/dev.niezawodneczesci.pl\/sk\/wp-json\/wp\/v2\/product"}],"about":[{"href":"https:\/\/dev.niezawodneczesci.pl\/sk\/wp-json\/wp\/v2\/types\/product"}],"version-history":[{"count":1,"href":"https:\/\/dev.niezawodneczesci.pl\/sk\/wp-json\/wp\/v2\/product\/7668\/revisions"}],"predecessor-version":[{"id":22743,"href":"https:\/\/dev.niezawodneczesci.pl\/sk\/wp-json\/wp\/v2\/product\/7668\/revisions\/22743"}],"wp:featuredmedia":[{"embeddable":true,"href":"https:\/\/dev.niezawodneczesci.pl\/sk\/wp-json\/wp\/v2\/media\/16135"}],"wp:attachment":[{"href":"https:\/\/dev.niezawodneczesci.pl\/sk\/wp-json\/wp\/v2\/media?parent=7668"}],"wp:term":[{"taxonomy":"product_brand","embeddable":true,"href":"https:\/\/dev.niezawodneczesci.pl\/sk\/wp-json\/wp\/v2\/product_brand?post=7668"},{"taxonomy":"product_cat","embeddable":true,"href":"https:\/\/dev.niezawodneczesci.pl\/sk\/wp-json\/wp\/v2\/product_cat?post=7668"},{"taxonomy":"product_tag","embeddable":true,"href":"https:\/\/dev.niezawodneczesci.pl\/sk\/wp-json\/wp\/v2\/product_tag?post=7668"}],"curies":[{"name":"wp","href":"https:\/\/api.w.org\/{rel}","templated":true}]}}