{"id":7669,"date":"2021-06-16T11:53:50","date_gmt":"2021-06-16T09:53:50","guid":{"rendered":"https:\/\/niezawodneczesci.pl\/\/?post_type=product&#038;p=7669"},"modified":"2026-04-28T12:06:56","modified_gmt":"2026-04-28T10:06:56","slug":"klocki-hamulcowe-gdb1466-renault-nissan-opel","status":"publish","type":"product","link":"https:\/\/dev.niezawodneczesci.pl\/sk\/produkt\/klocki-hamulcowe-gdb1466-renault-nissan-opel\/","title":{"rendered":"BRZDOV\u00c9 DESTI\u010cKY SUNRICH PREDN\u00c9 SR0281.01-1466"},"content":{"rendered":"<p>Numer WVA<br \/>\n23099<\/p>\n<p>\u010c\u00edsla v\u00fdrobcov<br \/>\nGDB1466<\/p>\n<p>OE \u010d\u00edsla<br \/>\nA.B.S.: 37287<br \/>\nA.B.S.: 37287OE<br \/>\nA.B.S.: 37342<br \/>\nA.B.S.: 37342OE<br \/>\nACDelco: AC692681D<br \/>\nAPEC: PAD1202<br \/>\nATE: 13046028702<br \/>\nBENDIX: 573058B<br \/>\nBORG &amp; BECK: BBP1812<br \/>\nBOSCH: 0 986 424 636<br \/>\nBREMBO: P56061<br \/>\nBrake ENGINEERING: PA1244<br \/>\nDELPHI: LP1695<br \/>\nFEBI BILSTEIN: 16473<br \/>\nFERODO: FDB1515<br \/>\nFERODO: FSL1515<br \/>\nFTE: BL1780A1<br \/>\nGIRLING: 6114661<br \/>\nHELLA: 8DB 355 011-091<br \/>\nICER: 141315<br \/>\nICER: 141315701<br \/>\nJURID: 573058J<br \/>\nJURID: 573058JAS<br \/>\nKAWE: 0834 00<br \/>\nKAWE: 81445<br \/>\nLEMF\u00d6RDER: 26279<br \/>\nLPR: 05P869<br \/>\nMAGNETI MARELLI: 363702161293<br \/>\nMAPCO: 6576<br \/>\nMETELLI: 2203382<br \/>\nMETZGER: 083400<br \/>\nMEYLE: 025 230 9918<br \/>\nMEYLE: 025 230 9918\/PD<br \/>\nMINTEX: MDB2159<br \/>\nMINTEX: MDK0215<br \/>\nNECTO: FD6944A<br \/>\nNECTO: FD6944V<br \/>\nNK: 223626<br \/>\nPAGID: T1424<br \/>\nPEX: 7527<br \/>\nQH Benelux: 7348<br \/>\nQUINTON HAZELL: BP1305<br \/>\nRAMEDER: T0610225<br \/>\nRAMEDER: T0610858<br \/>\nREMSA: 083400<br \/>\nREMSA: 83400<br \/>\nRENAULT: 60 25 371 279<br \/>\nROADHOUSE: 2834.00<br \/>\nSPIDAN: 32744<br \/>\nSWAG: 60916473<br \/>\nTEXTAR: 2309902<br \/>\nTRISCAN: 811025021<br \/>\nVAICO: V408021<br \/>\nVALEO: 301545<br \/>\nVALEO: 598545<br \/>\nVALEO: 598560<br \/>\nVALEO: 601089<br \/>\nWOKING: P934300<br \/>\nZIMMERMANN: 230991801<br \/>\nsbs: 223626<\/p>","protected":false},"excerpt":{"rendered":"<p>Numer WVA 23099 Numery producenta GDB1466 Numery OE A.B.S.: 37287 A.B.S.: 37287OE A.B.S.: 37342 A.B.S.: 37342OE ACDelco: AC692681D APEC: PAD1202 ATE: 13046028702 BENDIX: 573058B BORG &amp; BECK: BBP1812 BOSCH: 0 986 424 636 BREMBO: P56061 Brake ENGINEERING: PA1244 DELPHI: LP1695 FEBI BILSTEIN: 16473 FERODO: FDB1515 FERODO: FSL1515 FTE: BL1780A1 GIRLING: 6114661 HELLA: 8DB 355 011-091 [&hellip;]<\/p>\n","protected":false},"featured_media":19332,"template":"","meta":{"_monsterinsights_skip_tracking":false,"_monsterinsights_sitenote_active":false,"_monsterinsights_sitenote_note":"","_monsterinsights_sitenote_category":0},"product_brand":[],"product_cat":[149],"product_tag":[],"class_list":{"0":"post-7669","1":"product","2":"type-product","3":"status-publish","4":"has-post-thumbnail","6":"product_cat-klocki-hamulcowe","8":"first","9":"instock","10":"taxable","11":"shipping-taxable","12":"purchasable","13":"product-type-simple"},"_links":{"self":[{"href":"https:\/\/dev.niezawodneczesci.pl\/sk\/wp-json\/wp\/v2\/product\/7669","targetHints":{"allow":["GET"]}}],"collection":[{"href":"https:\/\/dev.niezawodneczesci.pl\/sk\/wp-json\/wp\/v2\/product"}],"about":[{"href":"https:\/\/dev.niezawodneczesci.pl\/sk\/wp-json\/wp\/v2\/types\/product"}],"version-history":[{"count":1,"href":"https:\/\/dev.niezawodneczesci.pl\/sk\/wp-json\/wp\/v2\/product\/7669\/revisions"}],"predecessor-version":[{"id":25792,"href":"https:\/\/dev.niezawodneczesci.pl\/sk\/wp-json\/wp\/v2\/product\/7669\/revisions\/25792"}],"wp:featuredmedia":[{"embeddable":true,"href":"https:\/\/dev.niezawodneczesci.pl\/sk\/wp-json\/wp\/v2\/media\/19332"}],"wp:attachment":[{"href":"https:\/\/dev.niezawodneczesci.pl\/sk\/wp-json\/wp\/v2\/media?parent=7669"}],"wp:term":[{"taxonomy":"product_brand","embeddable":true,"href":"https:\/\/dev.niezawodneczesci.pl\/sk\/wp-json\/wp\/v2\/product_brand?post=7669"},{"taxonomy":"product_cat","embeddable":true,"href":"https:\/\/dev.niezawodneczesci.pl\/sk\/wp-json\/wp\/v2\/product_cat?post=7669"},{"taxonomy":"product_tag","embeddable":true,"href":"https:\/\/dev.niezawodneczesci.pl\/sk\/wp-json\/wp\/v2\/product_tag?post=7669"}],"curies":[{"name":"wp","href":"https:\/\/api.w.org\/{rel}","templated":true}]}}