{"id":7673,"date":"2021-06-16T11:53:53","date_gmt":"2021-06-16T09:53:53","guid":{"rendered":"https:\/\/niezawodneczesci.pl\/\/?post_type=product&#038;p=7673"},"modified":"2026-04-28T12:06:56","modified_gmt":"2026-04-28T10:06:56","slug":"klocki-hamulcowe-gdb1586-skoda-i-vw","status":"publish","type":"product","link":"https:\/\/dev.niezawodneczesci.pl\/sk\/produkt\/klocki-hamulcowe-gdb1586-skoda-i-vw\/","title":{"rendered":"BRZDOV\u00c9 DESTI\u010cKY SUNRICH PREDN\u00c9 SR0266.04-1586"},"content":{"rendered":"<p>Numer WVA<br \/>\n21868<\/p>\n<p>\u010c\u00edsla v\u00fdrobcov<br \/>\nGDB1586<\/p>\n<p>OE \u010d\u00edsla<br \/>\nA.B.S.: 37337<br \/>\nA.B.S.: 37337OE<br \/>\nA.B.S.: P85071<br \/>\nACDelco: AC603981D<br \/>\nAISIN: BPVW-1027<br \/>\nAKEBONO: AN-4361WK<br \/>\nAKEBONO: AN-4361WKE<br \/>\nAKRON-MAL\u00d2: 1050278<br \/>\nAPEC: PAD1406<br \/>\nAPEC: PD3488<br \/>\nATE: 13046071642<br \/>\nAUTOMEGA: 3069801516Q0B<br \/>\nBENDIX: 573111B<br \/>\nBLUE PRINT: ADV184253<br \/>\nBORG &amp; BECK: BBP1846<br \/>\nBOSCH: 0 986 424 723<br \/>\nBOSCH: 0 986 495 021<br \/>\nBREMBO: P85071<br \/>\nBrake ENGINEERING: PA1607<br \/>\nDELPHI: LP1709<br \/>\nDON: PCP1499<br \/>\nE.T.F.: 121031<br \/>\nFEBI BILSTEIN: 16482<br \/>\nFERODO: FDB1634<br \/>\nFERODO: FSL1634<br \/>\nFIRST LINE: FBP3478<br \/>\nFREMAX: FBP-0985-01<br \/>\nFTE: BL1399A2<br \/>\nGALFER: B1G10204092<br \/>\nGIRLING: 6115862<br \/>\nHELLA: 8DB 355 009-801<br \/>\nHELLA PAGID: 8DB 355 009-801<br \/>\nICER: 181590<br \/>\nJP GROUP: 698706002ALT<br \/>\nJURID: 573111J<br \/>\nKAGER: 350913<br \/>\nKAWE: 0609 11<br \/>\nKAWE: 81593<br \/>\nLEMF\u00d6RDER: 26297 01<br \/>\nLPR: 05P1120<br \/>\nMAGNETI MARELLI: 323700013300<br \/>\nMAGNETI MARELLI: 363700201287<br \/>\nMAGNETI MARELLI: 363700485071<br \/>\nMAGNETI MARELLI: 363702161326<br \/>\nMAGNETI MARELLI: 363802160784<br \/>\nMAGNETI MARELLI: 363916060396<br \/>\nMAGNETI MARELLI: 430216171326<br \/>\nMAPCO: 6496\/1<br \/>\nMETELLI: 2202063<br \/>\nMETZGER: 1170479<br \/>\nMEYLE: 025 218 6817\/W<br \/>\nMGA: 735<br \/>\nMINTEX: MDB2278<br \/>\nNK: 224778<br \/>\nOPEN PARTS: BPA0609.11<br \/>\nOPTIMAL: 12172<br \/>\nOPTIMAL: BP-12172<br \/>\nPAGID: T1287<br \/>\nPEX: 7671<br \/>\nQH Benelux: 7528<br \/>\nQUINTON HAZELL: BP1372<br \/>\nQUINTON HAZELL: MBP1372<br \/>\nRAICAM: RA.0623.3<br \/>\nRAMEDER: T0610296<br \/>\nREMSA: 060911<br \/>\nREMSA: 60911<br \/>\nREMY: RAP1142<br \/>\nROADHOUSE: 2609.11<br \/>\nROULUNDS RUBBER: 603981<br \/>\nSEAT: 6Q0 698 151 B<br \/>\nSKODA: 6Q0 698 151 B<br \/>\nSPIDAN: 32815<br \/>\nSWAG: 30916482<br \/>\nTEXTAR: 2186801<br \/>\nTEXTAR: 2186817205<br \/>\nTOPRAN: 109461<br \/>\nTRISCAN: 811029065<br \/>\nTRUSTING: 2153<br \/>\nVAICO: V10-8133-1<br \/>\nVAICO: V108133<br \/>\nVALEO: 301805<br \/>\nVALEO: 598805<br \/>\nVW: 6Q0 698 151 B<br \/>\nWAGNER: WBP21866D<br \/>\nWOKING: P7093.11<br \/>\nZIMMERMANN: 218681701<br \/>\nfri.tech.: 2153<br \/>\nsbs: 1501224778<br \/>\nsbs: 224778<\/p>","protected":false},"excerpt":{"rendered":"<p>Numer WVA 21868 Numery producenta GDB1586 Numery OE A.B.S.: 37337 A.B.S.: 37337OE A.B.S.: P85071 ACDelco: AC603981D AISIN: BPVW-1027 AKEBONO: AN-4361WK AKEBONO: AN-4361WKE AKRON-MAL\u00d2: 1050278 APEC: PAD1406 APEC: PD3488 ATE: 13046071642 AUTOMEGA: 3069801516Q0B BENDIX: 573111B BLUE PRINT: ADV184253 BORG &amp; BECK: BBP1846 BOSCH: 0 986 424 723 BOSCH: 0 986 495 021 BREMBO: P85071 Brake ENGINEERING: [&hellip;]<\/p>\n","protected":false},"featured_media":19328,"template":"","meta":{"_monsterinsights_skip_tracking":false,"_monsterinsights_sitenote_active":false,"_monsterinsights_sitenote_note":"","_monsterinsights_sitenote_category":0},"product_brand":[],"product_cat":[149],"product_tag":[],"class_list":{"0":"post-7673","1":"product","2":"type-product","3":"status-publish","4":"has-post-thumbnail","6":"product_cat-klocki-hamulcowe","8":"first","9":"instock","10":"taxable","11":"shipping-taxable","12":"purchasable","13":"product-type-simple"},"_links":{"self":[{"href":"https:\/\/dev.niezawodneczesci.pl\/sk\/wp-json\/wp\/v2\/product\/7673","targetHints":{"allow":["GET"]}}],"collection":[{"href":"https:\/\/dev.niezawodneczesci.pl\/sk\/wp-json\/wp\/v2\/product"}],"about":[{"href":"https:\/\/dev.niezawodneczesci.pl\/sk\/wp-json\/wp\/v2\/types\/product"}],"version-history":[{"count":1,"href":"https:\/\/dev.niezawodneczesci.pl\/sk\/wp-json\/wp\/v2\/product\/7673\/revisions"}],"predecessor-version":[{"id":25789,"href":"https:\/\/dev.niezawodneczesci.pl\/sk\/wp-json\/wp\/v2\/product\/7673\/revisions\/25789"}],"wp:featuredmedia":[{"embeddable":true,"href":"https:\/\/dev.niezawodneczesci.pl\/sk\/wp-json\/wp\/v2\/media\/19328"}],"wp:attachment":[{"href":"https:\/\/dev.niezawodneczesci.pl\/sk\/wp-json\/wp\/v2\/media?parent=7673"}],"wp:term":[{"taxonomy":"product_brand","embeddable":true,"href":"https:\/\/dev.niezawodneczesci.pl\/sk\/wp-json\/wp\/v2\/product_brand?post=7673"},{"taxonomy":"product_cat","embeddable":true,"href":"https:\/\/dev.niezawodneczesci.pl\/sk\/wp-json\/wp\/v2\/product_cat?post=7673"},{"taxonomy":"product_tag","embeddable":true,"href":"https:\/\/dev.niezawodneczesci.pl\/sk\/wp-json\/wp\/v2\/product_tag?post=7673"}],"curies":[{"name":"wp","href":"https:\/\/api.w.org\/{rel}","templated":true}]}}