{"id":7675,"date":"2021-06-16T11:53:54","date_gmt":"2021-06-16T09:53:54","guid":{"rendered":"https:\/\/niezawodneczesci.pl\/\/?post_type=product&#038;p=7675"},"modified":"2026-04-28T12:06:56","modified_gmt":"2026-04-28T10:06:56","slug":"klocki-hamulcowe-gdb1442-renault-opel","status":"publish","type":"product","link":"https:\/\/dev.niezawodneczesci.pl\/sk\/produkt\/klocki-hamulcowe-gdb1442-renault-opel\/","title":{"rendered":"BRZDOV\u00c9 DESTI\u010cKY SUNRICH PREDN\u00c9 SR0265.01-1442"},"content":{"rendered":"<p>Numer WVA<br \/>\n23613<\/p>\n<p>\u010c\u00edsla v\u00fdrobcov<br \/>\nGDB1442<\/p>\n<p>OE \u010d\u00edsla<br \/>\nA.B.S.: 37290<br \/>\nA.B.S.: 37290OE<br \/>\nABEX: AVR102<br \/>\nACDelco: AC683681D<br \/>\nAISIN: BPRE-1005<br \/>\nAPEC: PAD1204<br \/>\nASIMCO: KD1511<br \/>\nATE: 13046038002<br \/>\nAUTOMEGA: 3044040585<br \/>\nBENDIX: 573107B<br \/>\nBENDIX: DB1963<br \/>\nBENDIX-AU: DB1963<br \/>\nBLUE PRINT: ADG04245<br \/>\nBORG &amp; BECK: BBP1746<br \/>\nBOSCH: 0 986 424 614<br \/>\nBOSCH: 0 986 494 031<br \/>\nBOSCH: 0 986 TB2 392<br \/>\nBREMBO: P59039<br \/>\nBREMBO: P59039N<br \/>\nBREMBO: P68025<br \/>\nBrake ENGINEERING: PA1301<br \/>\nDELPHI: LP1746<br \/>\nDITAS: DFB3384<br \/>\nE.T.F.: 120975<br \/>\nFEBI BILSTEIN: 16495<br \/>\nFERODO: FDB1452<br \/>\nFERODO: FSL1452<br \/>\nFERODO: FVR1452<br \/>\nFIRST LINE: FBP3375<br \/>\nFREMAX: FBP-1224<br \/>\nFTE: BL1825A1<br \/>\nGIRLING: 6114424<br \/>\nHELLA: 8DB 355 010-021<br \/>\nHELLA PAGID: 8DB 355 010-021<br \/>\nHERZOG GERMANY: 887290<br \/>\nICER: 141442<br \/>\nJAPANPARTS: PA-151AF<br \/>\nJURID: 571932J<br \/>\nJURID: 571932JAS<br \/>\nJURID: 573107J<br \/>\nKAWE: 81434<br \/>\nKBP: BP6575<br \/>\nLEMF\u00d6RDER: 26385<br \/>\nLPR: 05P884<br \/>\nMAGNETI MARELLI: 363702161222<br \/>\nMAPCO: 6559<br \/>\nMETELLI: 2205450<br \/>\nMETZGER: 081900<br \/>\nMETZGER: 81900<br \/>\nMEYLE: 025 236 1318<br \/>\nMEYLE: 025 236 1318\/PD<br \/>\nMINTEX: MDB2268<br \/>\nNECTO: FD6893N<br \/>\nNECTO: FD6893V<br \/>\nNIPPARTS: J3601079<br \/>\nNISSAN: 41060-00QAD<br \/>\nNISSAN: 77012-07339<br \/>\nNK: 223631<br \/>\nOPEL: 1605980<br \/>\nOPEL: 44 04 585<br \/>\nOPEL: 4402993<br \/>\nOPEL: 9110993<br \/>\nOPEL: 9112585<br \/>\nOPEL: 93173180<br \/>\nOPTIMAL: 81900<br \/>\nOPTIMAL: BP-81900<br \/>\nPAGID: T1310<br \/>\nPEX: 7573<br \/>\nQH Benelux: 7331<br \/>\nQUINTON HAZELL: 81900<br \/>\nQUINTON HAZELL: BP1325<br \/>\nRAMEDER: T0610848<br \/>\nREMSA: 081900<br \/>\nREMSA: 81900<br \/>\nREMY: RAP1106<br \/>\nRENAULT: 77 01 206 727<br \/>\nRENAULT: 77 01 207 339<br \/>\nRENAULT: 86 71 016 186<br \/>\nROULUNDS RUBBER: 683681<br \/>\nSPIDAN: 32780<br \/>\nSWAG: 60916495<br \/>\nTEXTAR: 2361301<br \/>\nTEXTAR: 2361317804<br \/>\nTRISCAN: 811010527<br \/>\nVAICO: V408034<br \/>\nVALEO: 301537<br \/>\nVALEO: 597289<br \/>\nVALEO: 597346<br \/>\nVALEO: 598537<br \/>\nVALEO: 872613<br \/>\nWAGNER: WBP23302A<br \/>\nWAGNER: WBP23613A<br \/>\nWOKING: P919300<br \/>\nZIMMERMANN: 236131801<br \/>\nsbs: 1501223631<br \/>\nsbs: 223631<\/p>","protected":false},"excerpt":{"rendered":"<p>Numer WVA 23613 Numery producenta GDB1442 Numery OE A.B.S.: 37290 A.B.S.: 37290OE ABEX: AVR102 ACDelco: AC683681D AISIN: BPRE-1005 APEC: PAD1204 ASIMCO: KD1511 ATE: 13046038002 AUTOMEGA: 3044040585 BENDIX: 573107B BENDIX: DB1963 BENDIX-AU: DB1963 BLUE PRINT: ADG04245 BORG &amp; BECK: BBP1746 BOSCH: 0 986 424 614 BOSCH: 0 986 494 031 BOSCH: 0 986 TB2 392 BREMBO: [&hellip;]<\/p>\n","protected":false},"featured_media":17498,"template":"","meta":{"_monsterinsights_skip_tracking":false,"_monsterinsights_sitenote_active":false,"_monsterinsights_sitenote_note":"","_monsterinsights_sitenote_category":0},"product_brand":[],"product_cat":[149],"product_tag":[],"class_list":{"0":"post-7675","1":"product","2":"type-product","3":"status-publish","4":"has-post-thumbnail","6":"product_cat-klocki-hamulcowe","8":"first","9":"instock","10":"taxable","11":"shipping-taxable","12":"purchasable","13":"product-type-simple"},"_links":{"self":[{"href":"https:\/\/dev.niezawodneczesci.pl\/sk\/wp-json\/wp\/v2\/product\/7675","targetHints":{"allow":["GET"]}}],"collection":[{"href":"https:\/\/dev.niezawodneczesci.pl\/sk\/wp-json\/wp\/v2\/product"}],"about":[{"href":"https:\/\/dev.niezawodneczesci.pl\/sk\/wp-json\/wp\/v2\/types\/product"}],"version-history":[{"count":1,"href":"https:\/\/dev.niezawodneczesci.pl\/sk\/wp-json\/wp\/v2\/product\/7675\/revisions"}],"predecessor-version":[{"id":25786,"href":"https:\/\/dev.niezawodneczesci.pl\/sk\/wp-json\/wp\/v2\/product\/7675\/revisions\/25786"}],"wp:featuredmedia":[{"embeddable":true,"href":"https:\/\/dev.niezawodneczesci.pl\/sk\/wp-json\/wp\/v2\/media\/17498"}],"wp:attachment":[{"href":"https:\/\/dev.niezawodneczesci.pl\/sk\/wp-json\/wp\/v2\/media?parent=7675"}],"wp:term":[{"taxonomy":"product_brand","embeddable":true,"href":"https:\/\/dev.niezawodneczesci.pl\/sk\/wp-json\/wp\/v2\/product_brand?post=7675"},{"taxonomy":"product_cat","embeddable":true,"href":"https:\/\/dev.niezawodneczesci.pl\/sk\/wp-json\/wp\/v2\/product_cat?post=7675"},{"taxonomy":"product_tag","embeddable":true,"href":"https:\/\/dev.niezawodneczesci.pl\/sk\/wp-json\/wp\/v2\/product_tag?post=7675"}],"curies":[{"name":"wp","href":"https:\/\/api.w.org\/{rel}","templated":true}]}}