{"id":7687,"date":"2021-06-16T11:53:56","date_gmt":"2021-06-16T09:53:56","guid":{"rendered":"https:\/\/niezawodneczesci.pl\/\/?post_type=product&#038;p=7687"},"modified":"2026-04-28T12:06:56","modified_gmt":"2026-04-28T10:06:56","slug":"klocki-hamulcowe-gdb3271-nissan","status":"publish","type":"product","link":"https:\/\/dev.niezawodneczesci.pl\/sk\/produkt\/klocki-hamulcowe-gdb3271-nissan\/","title":{"rendered":"BRZDOV\u00c9 DESTI\u010cKY SUNRICH PREDN\u00c9 SR0203.01-3271"},"content":{"rendered":"<p>Numer WVA<br \/>\n21546<\/p>\n<p>\u010c\u00edsla v\u00fdrobcov<br \/>\nGDB3271<\/p>\n<p>OE \u010d\u00edsla<br \/>\nA.B.S.: 36740<br \/>\nA.B.S.: 36740OE<br \/>\nACDelco: AC461981D<br \/>\nAPEC: PAD692<br \/>\nASHIKA: 5000015<br \/>\nATE: 13046059502<br \/>\nBLUE PRINT: ADN14294<br \/>\nBORG &amp; BECK: BBP1760<br \/>\nBOSCH: 0 986 461 147<br \/>\nBOSCH: 0 986 TB2 174<br \/>\nBOSCH: 0 986 TB2 646<br \/>\nBREMBO: P56022<br \/>\nBREMBO: P56022N<br \/>\nBrake ENGINEERING: PA1937<br \/>\nDELPHI: LP616<br \/>\nE.T.F.: 120470<br \/>\nFEBI BILSTEIN: 16201<br \/>\nFERODO: FDB667<br \/>\nFERODO: FSL667<br \/>\nFERODO: TAR667<br \/>\nFIRST LINE: FBP3389<br \/>\nFTE: BL1340A1<br \/>\nGIRLING: 6132711<br \/>\nHELLA: 8DB 355 018-011<br \/>\nHELLA PAGID: 8DB 355 018-011<br \/>\nHERTH+BUSS JAKOPARTS: J3601051<br \/>\nICER: 180803<br \/>\nICER: 180803700<br \/>\nJAPANPARTS: PA015AF<br \/>\nJURID: 572310J<br \/>\nKAWE: 81567<br \/>\nKBP: BP6515<br \/>\nLPR: 05P355<br \/>\nMAGNETI MARELLI: 363702160941<br \/>\nMAPCO: 6344<br \/>\nMETELLI: 2201230<br \/>\nMEYLE: 025 215 4617<br \/>\nMINTEX: MDB1423<br \/>\nMINTEX: MDK0114<br \/>\nNIPPARTS: J3601051<br \/>\nNIPPARTS: J3601068<br \/>\nNISSAN: 41060-2F027<br \/>\nNISSAN: 41060-4M525<br \/>\nNISSAN: 41060-4M526<br \/>\nNISSAN: 41060-BM425<br \/>\nNISSAN: D1060-BM40A<br \/>\nNK: 222220<br \/>\nOPTIMAL: 9689<br \/>\nPAGID: T5063<br \/>\nPEX: 7155<br \/>\nQH Benelux: 7487<br \/>\nQUINTON HAZELL: BP578<br \/>\nREMSA: 032000<br \/>\nREMSA: 032020<br \/>\nREMSA: 034400<br \/>\nREMSA: 32000<br \/>\nREMSA: 32020<br \/>\nREMSA: 34400<br \/>\nSCT &#8211; MANNOL: SP157<br \/>\nSPIDAN: 30953<br \/>\nSWAG: 82916201<br \/>\nTEXTAR: 2154601<br \/>\nVALEO: 301054<br \/>\nVALEO: 540806<br \/>\nVALEO: 597090<br \/>\nVALEO: 598054<br \/>\nWAGNER: WBP21546A<br \/>\nWOKING: P220320<br \/>\nZIMMERMANN: 215461651<br \/>\nsbs: 222220<\/p>","protected":false},"excerpt":{"rendered":"<p>Numer WVA 21546 Numery producenta GDB3271 Numery OE A.B.S.: 36740 A.B.S.: 36740OE ACDelco: AC461981D APEC: PAD692 ASHIKA: 5000015 ATE: 13046059502 BLUE PRINT: ADN14294 BORG &amp; BECK: BBP1760 BOSCH: 0 986 461 147 BOSCH: 0 986 TB2 174 BOSCH: 0 986 TB2 646 BREMBO: P56022 BREMBO: P56022N Brake ENGINEERING: PA1937 DELPHI: LP616 E.T.F.: 120470 FEBI BILSTEIN: [&hellip;]<\/p>\n","protected":false},"featured_media":17445,"template":"","meta":{"_monsterinsights_skip_tracking":false,"_monsterinsights_sitenote_active":false,"_monsterinsights_sitenote_note":"","_monsterinsights_sitenote_category":0},"product_brand":[],"product_cat":[149,447],"product_tag":[],"class_list":{"0":"post-7687","1":"product","2":"type-product","3":"status-publish","4":"has-post-thumbnail","6":"product_cat-klocki-hamulcowe","7":"product_cat-promocja","9":"first","10":"instock","11":"sale","12":"taxable","13":"shipping-taxable","14":"purchasable","15":"product-type-simple"},"_links":{"self":[{"href":"https:\/\/dev.niezawodneczesci.pl\/sk\/wp-json\/wp\/v2\/product\/7687","targetHints":{"allow":["GET"]}}],"collection":[{"href":"https:\/\/dev.niezawodneczesci.pl\/sk\/wp-json\/wp\/v2\/product"}],"about":[{"href":"https:\/\/dev.niezawodneczesci.pl\/sk\/wp-json\/wp\/v2\/types\/product"}],"version-history":[{"count":1,"href":"https:\/\/dev.niezawodneczesci.pl\/sk\/wp-json\/wp\/v2\/product\/7687\/revisions"}],"predecessor-version":[{"id":25775,"href":"https:\/\/dev.niezawodneczesci.pl\/sk\/wp-json\/wp\/v2\/product\/7687\/revisions\/25775"}],"wp:featuredmedia":[{"embeddable":true,"href":"https:\/\/dev.niezawodneczesci.pl\/sk\/wp-json\/wp\/v2\/media\/17445"}],"wp:attachment":[{"href":"https:\/\/dev.niezawodneczesci.pl\/sk\/wp-json\/wp\/v2\/media?parent=7687"}],"wp:term":[{"taxonomy":"product_brand","embeddable":true,"href":"https:\/\/dev.niezawodneczesci.pl\/sk\/wp-json\/wp\/v2\/product_brand?post=7687"},{"taxonomy":"product_cat","embeddable":true,"href":"https:\/\/dev.niezawodneczesci.pl\/sk\/wp-json\/wp\/v2\/product_cat?post=7687"},{"taxonomy":"product_tag","embeddable":true,"href":"https:\/\/dev.niezawodneczesci.pl\/sk\/wp-json\/wp\/v2\/product_tag?post=7687"}],"curies":[{"name":"wp","href":"https:\/\/api.w.org\/{rel}","templated":true}]}}