{"id":7709,"date":"2021-06-16T11:54:03","date_gmt":"2021-06-16T09:54:03","guid":{"rendered":"https:\/\/niezawodneczesci.pl\/\/?post_type=product&#038;p=7709"},"modified":"2026-04-28T12:06:55","modified_gmt":"2026-04-28T10:06:55","slug":"klocki-hamulcowe-gdb1204-vw-ford-seat","status":"publish","type":"product","link":"https:\/\/dev.niezawodneczesci.pl\/sk\/produkt\/klocki-hamulcowe-gdb1204-vw-ford-seat\/","title":{"rendered":"BRZDOV\u00c9 DESTI\u010cKY SUNRICH PREDN\u00c9 SR0107.02-1204"},"content":{"rendered":"<p>Numer WVA<br \/>\n21848;<br \/>\n21850<\/p>\n<p>\u010c\u00edsla v\u00fdrobcov<br \/>\nGDB1204<\/p>\n<p>OE \u010d\u00edsla<br \/>\nA.B.S.: 36898<br \/>\nA.B.S.: 36898OE<br \/>\nACDelco: AC647981D<br \/>\nAPEC: PAD875<br \/>\nATE: 13046070762<br \/>\nAUTOMEGA: 3069801517M0B<br \/>\nBENDIX: 571900B<br \/>\nBENDIX: 571900X<br \/>\nBORG &amp; BECK: BBP1446<br \/>\nBOSCH: 0 986 424 236<br \/>\nBOSCH: 0 986 494 003<br \/>\nBOSCH: 0 986 AB4 550<br \/>\nBOSCH: 0 986 TB2 672<br \/>\nBOSCH: 986424236<br \/>\nBOSCH: F 026 000 048<br \/>\nBREMBO: P85039<br \/>\nBrake ENGINEERING: PA1110<br \/>\nDELPHI: LP0784<br \/>\nDELPHI: LP1407<br \/>\nDELPHI: LP784<br \/>\nDELPHI: LP978<br \/>\nE.T.F.: 120679<br \/>\nFEBI BILSTEIN: 16280<br \/>\nFERODO: FDB1055<br \/>\nFERODO: FSL1055<br \/>\nFERODO: TAR1055<br \/>\nFIRST LINE: FBP3063<br \/>\nFORD: 1001095<br \/>\nFORD: 1027703<br \/>\nFORD: 1031843<br \/>\nFORD: 1144180<br \/>\nFORD: 95VW-2K021-AA<br \/>\nFTE: BL1477A1<br \/>\nGALFER: B1G10203122<br \/>\nGIRLING: 6112042<br \/>\nHELLA: 8DB 355 008-001<br \/>\nHERZOG GERMANY: 886898<br \/>\nICER: 181139<br \/>\nJURID: 571900J<br \/>\nJURID: 571900JC<br \/>\nKAWE: 81136<br \/>\nLEMF\u00d6RDER: 20544 04<br \/>\nLPR: 05P612<br \/>\nMAGNETI MARELLI: 363702160336<br \/>\nMAPCO: 6491<br \/>\nMETELLI: 2202790<br \/>\nMETZGER: 039000<br \/>\nMEYLE: 025 218 4819<br \/>\nMEYLE: 025 218 4819\/PD<br \/>\nMGA: 352<br \/>\nMINTEX: MDB1741<br \/>\nMINTEX: MDK0068<br \/>\nMINTEX: MDK0069<br \/>\nNECTO: FD6693A<br \/>\nNECTO: FD6693N<br \/>\nNK: 229985<br \/>\nOPTIMAL: 10065<br \/>\nPAGID: T1106<br \/>\nPAGID: T1106ECO<br \/>\nPEX: 7295<br \/>\nPEX: 7295S<br \/>\nQH Benelux: 2973<br \/>\nQUINTON HAZELL: 839004<br \/>\nQUINTON HAZELL: BLF922<br \/>\nQUINTON HAZELL: BP922<br \/>\nRAMEDER: T0600086<br \/>\nRAMEDER: T0610029<br \/>\nREMSA: 039000<br \/>\nREMSA: 39000<br \/>\nREMSA: 839004<br \/>\nROADHOUSE: 839004<br \/>\nROULUNDS RUBBER: 647981<br \/>\nSEAT: 7M0 698 151<br \/>\nSEAT: 7M0 698 151 A<br \/>\nSEAT: 7M0 698 151 B<br \/>\nSEAT: 7MO 698 151<br \/>\nSPIDAN: 32192<br \/>\nSWAG: 30916280<br \/>\nTEXTAR: 2184802<br \/>\nTEXTAR: 2184819705<br \/>\nTOPRAN: 108804<br \/>\nTRISCAN: 811010502<br \/>\nTRUSTING: 2880<br \/>\nVAICO: V108143<br \/>\nVAICO: V1081431<br \/>\nVALEO: 168979<br \/>\nVALEO: 301008<br \/>\nVALEO: 598067<br \/>\nVW: 7M0 698 151<br \/>\nVW: 7M0 698 151 A<br \/>\nVW: 7M0 698 151 B<br \/>\nVW: 7MO 698 151<br \/>\nVW: 7MO 698 151 A<br \/>\nWAGNER: WBP21848A<br \/>\nWOKING: P290300<br \/>\nZIMMERMANN: 218482001<br \/>\nfri.tech.: 2880<br \/>\nsbs: 229985<\/p>","protected":false},"excerpt":{"rendered":"<p>Numer WVA 21848; 21850 Numery producenta GDB1204 Numery OE A.B.S.: 36898 A.B.S.: 36898OE ACDelco: AC647981D APEC: PAD875 ATE: 13046070762 AUTOMEGA: 3069801517M0B BENDIX: 571900B BENDIX: 571900X BORG &amp; BECK: BBP1446 BOSCH: 0 986 424 236 BOSCH: 0 986 494 003 BOSCH: 0 986 AB4 550 BOSCH: 0 986 TB2 672 BOSCH: 986424236 BOSCH: F 026 000 [&hellip;]<\/p>\n","protected":false},"featured_media":18984,"template":"","meta":{"_monsterinsights_skip_tracking":false,"_monsterinsights_sitenote_active":false,"_monsterinsights_sitenote_note":"","_monsterinsights_sitenote_category":0},"product_brand":[],"product_cat":[149],"product_tag":[],"class_list":{"0":"post-7709","1":"product","2":"type-product","3":"status-publish","4":"has-post-thumbnail","6":"product_cat-klocki-hamulcowe","8":"first","9":"instock","10":"taxable","11":"shipping-taxable","12":"product-type-simple"},"_links":{"self":[{"href":"https:\/\/dev.niezawodneczesci.pl\/sk\/wp-json\/wp\/v2\/product\/7709","targetHints":{"allow":["GET"]}}],"collection":[{"href":"https:\/\/dev.niezawodneczesci.pl\/sk\/wp-json\/wp\/v2\/product"}],"about":[{"href":"https:\/\/dev.niezawodneczesci.pl\/sk\/wp-json\/wp\/v2\/types\/product"}],"version-history":[{"count":1,"href":"https:\/\/dev.niezawodneczesci.pl\/sk\/wp-json\/wp\/v2\/product\/7709\/revisions"}],"predecessor-version":[{"id":25758,"href":"https:\/\/dev.niezawodneczesci.pl\/sk\/wp-json\/wp\/v2\/product\/7709\/revisions\/25758"}],"wp:featuredmedia":[{"embeddable":true,"href":"https:\/\/dev.niezawodneczesci.pl\/sk\/wp-json\/wp\/v2\/media\/18984"}],"wp:attachment":[{"href":"https:\/\/dev.niezawodneczesci.pl\/sk\/wp-json\/wp\/v2\/media?parent=7709"}],"wp:term":[{"taxonomy":"product_brand","embeddable":true,"href":"https:\/\/dev.niezawodneczesci.pl\/sk\/wp-json\/wp\/v2\/product_brand?post=7709"},{"taxonomy":"product_cat","embeddable":true,"href":"https:\/\/dev.niezawodneczesci.pl\/sk\/wp-json\/wp\/v2\/product_cat?post=7709"},{"taxonomy":"product_tag","embeddable":true,"href":"https:\/\/dev.niezawodneczesci.pl\/sk\/wp-json\/wp\/v2\/product_tag?post=7709"}],"curies":[{"name":"wp","href":"https:\/\/api.w.org\/{rel}","templated":true}]}}