{"id":7729,"date":"2021-06-16T11:54:09","date_gmt":"2021-06-16T09:54:09","guid":{"rendered":"https:\/\/niezawodneczesci.pl\/\/?post_type=product&#038;p=7729"},"modified":"2026-04-24T01:04:55","modified_gmt":"2026-04-23T23:04:55","slug":"klocki-hamulcowe-sunrich-przod-sr0052-02-1057","status":"publish","type":"product","link":"https:\/\/dev.niezawodneczesci.pl\/sk\/produkt\/klocki-hamulcowe-sunrich-przod-sr0052-02-1057\/","title":{"rendered":"BRZDOV\u00c9 DESTI\u010cKY SUNRICH PREDN\u00c9 SR0052.02-1057"},"content":{"rendered":"<p>Numer WVA<br \/>\n20168<br \/>\n21366<\/p>\n<p>\u010c\u00edsla v\u00fdrobcov<br \/>\nGDB1057<\/p>\n<p>OE \u010d\u00edsla<br \/>\nA.B.S.: 36811<br \/>\nA.B.S.: 36811OE<br \/>\nACDelco: AC488681D<br \/>\nACDelco: AC634381D<br \/>\nAKEBONO: AN-4374WK<br \/>\nAKEBONO: AN-4374WKE<br \/>\nAKEBONO: AN-4755WK<br \/>\nAKRON-MAL\u00d2: 1050863<br \/>\nAPEC: PAD829<br \/>\nATE: 13046028062<br \/>\nAUDI: 8A0 698 151<br \/>\nAUTOMEGA: 306980151357C<br \/>\nBENDIX: 571357B<br \/>\nBENDIX: 571357X<br \/>\nBENDIX: 571856B<br \/>\nBENDIX-AU: DB1325<br \/>\nBENDIX-AU: DB1327<br \/>\nBORG &amp; BECK: BBP1123<br \/>\nBORG &amp; BECK: BBP1439<br \/>\nBORG &amp; BECK: BBP1607<br \/>\nBOSCH: 0 986 460 948<br \/>\nBOSCH: 0 986 560 948<br \/>\nBOSCH: 0 986 TB2 072<br \/>\nBOSCH: 986460948<br \/>\nBOSCH: 986466693<br \/>\nBOSCH: 986560948<br \/>\nBREMBO: P85021<br \/>\nBREMBO: P85034<br \/>\nBrake ENGINEERING: PA872<br \/>\nDELPHI: LP0769<br \/>\nDELPHI: LP1412<br \/>\nDELPHI: LP769<br \/>\nE.T.F.: 120497<br \/>\nE.T.F.: 120533<br \/>\nE.T.F.: 120638<br \/>\nFEBI BILSTEIN: 16316<br \/>\nFERODO: FDB853<br \/>\nFERODO: FDB951<br \/>\nFERODO: FDB954<br \/>\nFERODO: TAR853<br \/>\nFERODO: TAR951<br \/>\nFIRST LINE: FBP1177<br \/>\nFTE: BL1175A4<br \/>\nFTE: BL1303A2<br \/>\nFTE: BL1303B2<br \/>\nGALFER: B1G10201962<br \/>\nHELLA: 8DB 355 017-651<br \/>\nHELLA: 8DB 355 017-971<br \/>\nHERZOG GERMANY: 886811<br \/>\nICER: 180987<br \/>\nICER: 180987700<br \/>\nICER: 181216<br \/>\nICER: 181216700<br \/>\nJP GROUP: 698415004ALT<br \/>\nJP GROUP: 698510002ALT<br \/>\nJURID: 571357D<br \/>\nJURID: 571357J<br \/>\nJURID: 571357JAS<br \/>\nJURID: 571856J<br \/>\nJURID: 571864D<br \/>\nJURID: 571864J<br \/>\nKAWE: 0134 42<br \/>\nKAWE: 80979<br \/>\nKAWE: 81080<br \/>\nLEMF\u00d6RDER: 20609 03<br \/>\nLPR: 05P495<br \/>\nMAGNETI MARELLI: 323700022600<br \/>\nMAGNETI MARELLI: 363702160197<br \/>\nMAGNETI MARELLI: 363702160364<br \/>\nMAGNETI MARELLI: 363702161180<br \/>\nMAPCO: 6185<br \/>\nMAPCO: 6412<br \/>\nMETELLI: 2200501<br \/>\nMINTEX: MDB1648<br \/>\nMINTEX: MDB1700<br \/>\nNECTO: FD6582A<br \/>\nNECTO: FD6592A<br \/>\nNECTO: FD6662A<br \/>\nNK: 229984<br \/>\nOPTIMAL: 10003<br \/>\nOPTIMAL: 9773<br \/>\nOPTIMAL: BP-10003<br \/>\nPAGID: T5009ECO<br \/>\nPAGID: T5059<br \/>\nPAGID: T5059ECO<br \/>\nPEX: 7240<br \/>\nPEX: 7240S<br \/>\nPEX: 7391<br \/>\nQH Benelux: 2797<br \/>\nQH Benelux: 2905<br \/>\nQUINTON HAZELL: BLF608<br \/>\nQUINTON HAZELL: BP1157<br \/>\nQUINTON HAZELL: BP608<br \/>\nQUINTON HAZELL: BP979<br \/>\nRAMEDER: T0610643<br \/>\nREMSA: 013442<br \/>\nREMSA: 013452<br \/>\nREMSA: 013497<br \/>\nREMSA: 13442<br \/>\nREMSA: 13452<br \/>\nREMSA: 13497<br \/>\nROADHOUSE: 2134.42<br \/>\nROULUNDS RUBBER: 488681<br \/>\nROULUNDS RUBBER: 634381<br \/>\nSCT &#8211; MANNOL: SP175<br \/>\nSCT &#8211; MANNOL: SP176<br \/>\nSPIDAN: 32535<br \/>\nSPIDAN: 32555<br \/>\nSWAG: 30916316<br \/>\nTEXTAR: 2016805<br \/>\nTEXTAR: 2016819615<br \/>\nTEXTAR: 2066922<br \/>\nTOPRAN: 103531<br \/>\nTRISCAN: 811029002<br \/>\nTRISCAN: 811029976<br \/>\nTRUSTING: 0521<br \/>\nVAICO: V108121<br \/>\nVALEO: 168507<br \/>\nVALEO: 301982<br \/>\nVALEO: 597147<br \/>\nVALEO: 598304<br \/>\nVALEO: 598982<br \/>\nVW: 357 698 151 C<br \/>\nVW: 8A0 698 151<br \/>\nWOKING: P034342<br \/>\nWOKING: P034362<br \/>\nZIMMERMANN: 201681901<br \/>\nsbs: 1501229984<br \/>\nsbs: 229984<\/p>","protected":false},"excerpt":{"rendered":"<p>Numer WVA 20168 21366 Numery producenta GDB1057 Numery OE A.B.S.: 36811 A.B.S.: 36811OE ACDelco: AC488681D ACDelco: AC634381D AKEBONO: AN-4374WK AKEBONO: AN-4374WKE AKEBONO: AN-4755WK AKRON-MAL\u00d2: 1050863 APEC: PAD829 ATE: 13046028062 AUDI: 8A0 698 151 AUTOMEGA: 306980151357C BENDIX: 571357B BENDIX: 571357X BENDIX: 571856B BENDIX-AU: DB1325 BENDIX-AU: DB1327 BORG &amp; BECK: BBP1123 BORG &amp; BECK: BBP1439 BORG &amp; [&hellip;]<\/p>\n","protected":false},"featured_media":17301,"template":"","meta":{"_monsterinsights_skip_tracking":false,"_monsterinsights_sitenote_active":false,"_monsterinsights_sitenote_note":"","_monsterinsights_sitenote_category":0},"product_brand":[],"product_cat":[149,447],"product_tag":[],"class_list":{"0":"post-7729","1":"product","2":"type-product","3":"status-publish","4":"has-post-thumbnail","6":"product_cat-klocki-hamulcowe","7":"product_cat-promocja","9":"first","10":"instock","11":"taxable","12":"shipping-taxable","13":"purchasable","14":"product-type-simple"},"_links":{"self":[{"href":"https:\/\/dev.niezawodneczesci.pl\/sk\/wp-json\/wp\/v2\/product\/7729","targetHints":{"allow":["GET"]}}],"collection":[{"href":"https:\/\/dev.niezawodneczesci.pl\/sk\/wp-json\/wp\/v2\/product"}],"about":[{"href":"https:\/\/dev.niezawodneczesci.pl\/sk\/wp-json\/wp\/v2\/types\/product"}],"version-history":[{"count":1,"href":"https:\/\/dev.niezawodneczesci.pl\/sk\/wp-json\/wp\/v2\/product\/7729\/revisions"}],"predecessor-version":[{"id":25737,"href":"https:\/\/dev.niezawodneczesci.pl\/sk\/wp-json\/wp\/v2\/product\/7729\/revisions\/25737"}],"wp:featuredmedia":[{"embeddable":true,"href":"https:\/\/dev.niezawodneczesci.pl\/sk\/wp-json\/wp\/v2\/media\/17301"}],"wp:attachment":[{"href":"https:\/\/dev.niezawodneczesci.pl\/sk\/wp-json\/wp\/v2\/media?parent=7729"}],"wp:term":[{"taxonomy":"product_brand","embeddable":true,"href":"https:\/\/dev.niezawodneczesci.pl\/sk\/wp-json\/wp\/v2\/product_brand?post=7729"},{"taxonomy":"product_cat","embeddable":true,"href":"https:\/\/dev.niezawodneczesci.pl\/sk\/wp-json\/wp\/v2\/product_cat?post=7729"},{"taxonomy":"product_tag","embeddable":true,"href":"https:\/\/dev.niezawodneczesci.pl\/sk\/wp-json\/wp\/v2\/product_tag?post=7729"}],"curies":[{"name":"wp","href":"https:\/\/api.w.org\/{rel}","templated":true}]}}