{"id":7732,"date":"2021-06-16T11:54:10","date_gmt":"2021-06-16T09:54:10","guid":{"rendered":"https:\/\/niezawodneczesci.pl\/\/?post_type=product&#038;p=7732"},"modified":"2026-04-24T01:04:55","modified_gmt":"2026-04-23T23:04:55","slug":"klocki-hamulcowe-sunrich-przod-sr0046-03-459","status":"publish","type":"product","link":"https:\/\/dev.niezawodneczesci.pl\/sk\/produkt\/klocki-hamulcowe-sunrich-przod-sr0046-03-459\/","title":{"rendered":"BRZDOV\u00c9 DESTI\u010cKY SUNRICH PREDN\u00c9 SR0046.03-459"},"content":{"rendered":"<p>Numer WVA<br \/>\n20887<br \/>\n20888<\/p>\n<p>\u010c\u00edsla v\u00fdrobcov<br \/>\nGDB459<\/p>\n<p>OE \u010d\u00edsla<br \/>\nA.B.S.: 36540<br \/>\nA.B.S.: 36540OE<br \/>\nACDelco: AC536481D<br \/>\nAPEC: PAD435<br \/>\nATE: 13046070332<br \/>\nAUDI: 191 698 151 L<br \/>\nAUTOMEGA: 306980151191G<br \/>\nBENDIX: 571316B<br \/>\nBENDIX: 571316X<br \/>\nBORG &amp; BECK: BBP1101<br \/>\nBORG &amp; BECK: BBP1235<br \/>\nBOSCH: 0 986 468 871<br \/>\nBOSCH: 0 986 568 871<br \/>\nBOSCH: 0 986 TB2 089<br \/>\nBOSCH: 986466698<br \/>\nBOSCH: 986468871<br \/>\nBOSCH: 986568871<br \/>\nBOSCH: F 03B 150 000<br \/>\nBREMBO: P85005<br \/>\nBrake ENGINEERING: PA375<br \/>\nDELPHI: LP0420<br \/>\nDELPHI: LP224<br \/>\nDELPHI: LP420<br \/>\nDELPHI: LP755<br \/>\nE.T.F.: 120162<br \/>\nE.T.F.: 120260<br \/>\nFEBI BILSTEIN: 16076<br \/>\nFERODO: FDB392<br \/>\nFERODO: FDB392G<br \/>\nFERODO: FDS392<br \/>\nFERODO: FSL392<br \/>\nFERODO: TAR392<br \/>\nFIRST LINE: FBP1140<br \/>\nFTE: BL1167A3<br \/>\nGALFER: B1G10200102<br \/>\nHELLA: 8DB 355 017-501<br \/>\nHERZOG GERMANY: 886540<br \/>\nICER: 180281<br \/>\nICER: 180281700<br \/>\nICER: 180333<br \/>\nICER: 180459<br \/>\nJP GROUP: 698260005ALT<br \/>\nJURID: 571316D<br \/>\nJURID: 571316J<br \/>\nJURID: 571316JAS<br \/>\nKAWE: 80682<br \/>\nLEMF\u00d6RDER: 20562 03<br \/>\nLPR: 05P224<br \/>\nLPR: 05P226<br \/>\nMAGNETI MARELLI: 363702160010<br \/>\nMAGNETI MARELLI: 363702160123<br \/>\nMAPCO: 6210<br \/>\nMETELLI: 2200450K<br \/>\nMEYLE: 025 208 8715<br \/>\nMGA: 153<br \/>\nMINTEX: MDB1266<br \/>\nMK Kashiyama: D 1040<br \/>\nNECTO: FD267A<br \/>\nNECTO: FD267N<br \/>\nNECTO: FD4151A<br \/>\nNECTO: FD4151N<br \/>\nNK: 224716<br \/>\nOPTIMAL: 5904<br \/>\nOPTIMAL: 9245<br \/>\nOPTIMAL: 9356<br \/>\nPAGID: T4151<br \/>\nPAGID: T4151ECO<br \/>\nPEX: 7065<br \/>\nQH Benelux: 2289<br \/>\nQH Benelux: 2409<br \/>\nQUINTON HAZELL: 817100<br \/>\nQUINTON HAZELL: BLF360<br \/>\nQUINTON HAZELL: BP238<br \/>\nQUINTON HAZELL: BP360<br \/>\nRAMEDER: T0600014<br \/>\nRAMEDER: T0610322<br \/>\nRAMEDER: T0610405<br \/>\nRAMEDER: T0610708<br \/>\nREMSA: 012100<br \/>\nREMSA: 017100<br \/>\nREMSA: 12100<br \/>\nREMSA: 17100<br \/>\nREMSA: 817100<br \/>\nROADHOUSE: 817100<br \/>\nROULUNDS RUBBER: 436481<br \/>\nRUVILLE: D28071830<br \/>\nRUVILLE: D28072090<br \/>\nSCT &#8211; MANNOL: SP114<br \/>\nSEAT: 191 698 151 G<br \/>\nSEAT: 191 698 151 L<br \/>\nSKODA: 191 698 151 L<br \/>\nSPIDAN: 30156<br \/>\nSPIDAN: 31017<br \/>\nSPIDAN: 31802<br \/>\nSWAG: 30916076<br \/>\nTEXTAR: 2088707<br \/>\nTEXTAR: 2088715325<br \/>\nTOPRAN: 102843<br \/>\nTRISCAN: 811010104<br \/>\nTRUSTING: 0470K<br \/>\nVAICO: V108100<br \/>\nVAICO: V1081001<br \/>\nVALEO: 168251<br \/>\nVALEO: 301124<br \/>\nVALEO: 551027<br \/>\nVALEO: 597046<br \/>\nVALEO: 598124<br \/>\nVW: 191 698 151 B<br \/>\nVW: 191 698 151 G<br \/>\nVW: 191 698 151 L<br \/>\nVW: 321 698 151 B<br \/>\nVW: 321 698 151 D<br \/>\nVW: 321 698 151 E<br \/>\nVW: 321 698 151 H<br \/>\nWAGNER: WBP20887C<br \/>\nWOKING: P021300<br \/>\nWOKING: P071300<br \/>\nZIMMERMANN: 208871502<br \/>\nsbs: 224716<\/p>","protected":false},"excerpt":{"rendered":"<p>Numer WVA 20887 20888 Numery producenta GDB459 Numery OE A.B.S.: 36540 A.B.S.: 36540OE ACDelco: AC536481D APEC: PAD435 ATE: 13046070332 AUDI: 191 698 151 L AUTOMEGA: 306980151191G BENDIX: 571316B BENDIX: 571316X BORG &amp; BECK: BBP1101 BORG &amp; BECK: BBP1235 BOSCH: 0 986 468 871 BOSCH: 0 986 568 871 BOSCH: 0 986 TB2 089 BOSCH: 986466698 [&hellip;]<\/p>\n","protected":false},"featured_media":18231,"template":"","meta":{"_monsterinsights_skip_tracking":false,"_monsterinsights_sitenote_active":false,"_monsterinsights_sitenote_note":"","_monsterinsights_sitenote_category":0},"product_brand":[],"product_cat":[149],"product_tag":[],"class_list":{"0":"post-7732","1":"product","2":"type-product","3":"status-publish","4":"has-post-thumbnail","6":"product_cat-klocki-hamulcowe","8":"first","9":"instock","10":"taxable","11":"shipping-taxable","12":"purchasable","13":"product-type-simple"},"_links":{"self":[{"href":"https:\/\/dev.niezawodneczesci.pl\/sk\/wp-json\/wp\/v2\/product\/7732","targetHints":{"allow":["GET"]}}],"collection":[{"href":"https:\/\/dev.niezawodneczesci.pl\/sk\/wp-json\/wp\/v2\/product"}],"about":[{"href":"https:\/\/dev.niezawodneczesci.pl\/sk\/wp-json\/wp\/v2\/types\/product"}],"version-history":[{"count":1,"href":"https:\/\/dev.niezawodneczesci.pl\/sk\/wp-json\/wp\/v2\/product\/7732\/revisions"}],"predecessor-version":[{"id":25731,"href":"https:\/\/dev.niezawodneczesci.pl\/sk\/wp-json\/wp\/v2\/product\/7732\/revisions\/25731"}],"wp:featuredmedia":[{"embeddable":true,"href":"https:\/\/dev.niezawodneczesci.pl\/sk\/wp-json\/wp\/v2\/media\/18231"}],"wp:attachment":[{"href":"https:\/\/dev.niezawodneczesci.pl\/sk\/wp-json\/wp\/v2\/media?parent=7732"}],"wp:term":[{"taxonomy":"product_brand","embeddable":true,"href":"https:\/\/dev.niezawodneczesci.pl\/sk\/wp-json\/wp\/v2\/product_brand?post=7732"},{"taxonomy":"product_cat","embeddable":true,"href":"https:\/\/dev.niezawodneczesci.pl\/sk\/wp-json\/wp\/v2\/product_cat?post=7732"},{"taxonomy":"product_tag","embeddable":true,"href":"https:\/\/dev.niezawodneczesci.pl\/sk\/wp-json\/wp\/v2\/product_tag?post=7732"}],"curies":[{"name":"wp","href":"https:\/\/api.w.org\/{rel}","templated":true}]}}