{"id":7735,"date":"2021-06-16T11:54:10","date_gmt":"2021-06-16T09:54:10","guid":{"rendered":"https:\/\/niezawodneczesci.pl\/\/?post_type=product&#038;p=7735"},"modified":"2026-04-24T01:04:55","modified_gmt":"2026-04-23T23:04:55","slug":"klocki-hamulcowe-sunrich-przod-sr0031-01-3328","status":"publish","type":"product","link":"https:\/\/dev.niezawodneczesci.pl\/sk\/produkt\/klocki-hamulcowe-sunrich-przod-sr0031-01-3328\/","title":{"rendered":"BRZDOV\u00c9 DESTI\u010cKY SUNRICH PREDN\u00c9 SR0031.01-3328"},"content":{"rendered":"<p>Numer WVA<br \/>\n23865<br \/>\n23866<br \/>\n23867<\/p>\n<p>\u010c\u00edsla v\u00fdrobcov<br \/>\nGDB3328<\/p>\n<p>OE \u010d\u00edsla<br \/>\nA.B.S.: 37446<br \/>\nA.B.S.: 37446OE<br \/>\nAPEC: PAD1362<br \/>\nASHIKA: 5007706<br \/>\nATE: 13046057872<br \/>\nBENDIX: 572550B<br \/>\nBLUE PRINT: ADS74228<br \/>\nBORG &amp; BECK: BBP1905<br \/>\nBOSCH: 0 986 494 310<br \/>\nBOSCH: 0 986 494 315<br \/>\nBOSCH: 0 986 494 653<br \/>\nBOSCH: 0 986 AB1 476<br \/>\nBOSCH: 0 986 AB2 109<br \/>\nBOSCH: 0 986 AB2 288<br \/>\nBOSCH: 0 986 TB2 428<br \/>\nBREMBO: P78013<br \/>\nBrake ENGINEERING: PA1556<br \/>\nDELPHI: LP1718<br \/>\nE.T.F.: 121158<br \/>\nFEBI BILSTEIN: 16643<br \/>\nFERODO: FDB1639<br \/>\nFERODO: FSL1639<br \/>\nFIRST LINE: FBP3539<br \/>\nFTE: BL1901A2<br \/>\nGIRLING: 6133289<br \/>\nHERTH+BUSS JAKOPARTS: J3607017<br \/>\nICER: 181717<br \/>\nJAPANPARTS: PA706AF<br \/>\nJURID: 572550J<br \/>\nJURID: 572638J<br \/>\nKAWE: 81611<br \/>\nKBP: BP8017<br \/>\nLPR: 05P1363<br \/>\nMETELLI: 2205000<br \/>\nMEYLE: 025 238 6517\/PD<br \/>\nMEYLE: 025 238 6517\/W<br \/>\nMEYLE: 025 242 2218\/W<br \/>\nMINTEX: MDB2274<br \/>\nMK Kashiyama: D7055M<br \/>\nNECTO: FD7077A<br \/>\nNIPPARTS: J3607015<br \/>\nPAGID: T1331<br \/>\nPEX: 7808<br \/>\nQH Benelux: 7548<br \/>\nQUINTON HAZELL: BP1362<br \/>\nRAMEDER: T0610299<br \/>\nREMSA: 095102<br \/>\nREMSA: 95102<br \/>\nSUBARU: 26296AG010<br \/>\nSUBARU: 26296FE000<br \/>\nSUBARU: 26296FE020<br \/>\nSUBARU: 26296FE080<br \/>\nSUBARU: 26296SA000<br \/>\nSUBARU: 26296SA010<br \/>\nSUBARU: 26296SA011<br \/>\nSUBARU: 26296SA030<br \/>\nSUBARU: 26296SA031<br \/>\nSWAG: 87916643<br \/>\nTEXTAR: 2386501<br \/>\nTEXTAR: 2386504<br \/>\nTEXTAR: 2386516405<br \/>\nTEXTAR: 2422201<br \/>\nTRISCAN: 811068179<br \/>\nTRISCAN: 811068180<br \/>\nTRISCAN: 811068182<br \/>\nVALEO: 301853<br \/>\nVALEO: 598853<br \/>\nWAGNER: WBP23865A<br \/>\nZIMMERMANN: 238651801<\/p>","protected":false},"excerpt":{"rendered":"<p>Numer WVA 23865 23866 23867 Numery producenta GDB3328 Numery OE A.B.S.: 37446 A.B.S.: 37446OE APEC: PAD1362 ASHIKA: 5007706 ATE: 13046057872 BENDIX: 572550B BLUE PRINT: ADS74228 BORG &amp; BECK: BBP1905 BOSCH: 0 986 494 310 BOSCH: 0 986 494 315 BOSCH: 0 986 494 653 BOSCH: 0 986 AB1 476 BOSCH: 0 986 AB2 109 BOSCH: [&hellip;]<\/p>\n","protected":false},"featured_media":17297,"template":"","meta":{"_monsterinsights_skip_tracking":false,"_monsterinsights_sitenote_active":false,"_monsterinsights_sitenote_note":"","_monsterinsights_sitenote_category":0},"product_brand":[],"product_cat":[149],"product_tag":[],"class_list":{"0":"post-7735","1":"product","2":"type-product","3":"status-publish","4":"has-post-thumbnail","6":"product_cat-klocki-hamulcowe","8":"first","9":"instock","10":"taxable","11":"shipping-taxable","12":"purchasable","13":"product-type-simple"},"_links":{"self":[{"href":"https:\/\/dev.niezawodneczesci.pl\/sk\/wp-json\/wp\/v2\/product\/7735","targetHints":{"allow":["GET"]}}],"collection":[{"href":"https:\/\/dev.niezawodneczesci.pl\/sk\/wp-json\/wp\/v2\/product"}],"about":[{"href":"https:\/\/dev.niezawodneczesci.pl\/sk\/wp-json\/wp\/v2\/types\/product"}],"version-history":[{"count":1,"href":"https:\/\/dev.niezawodneczesci.pl\/sk\/wp-json\/wp\/v2\/product\/7735\/revisions"}],"predecessor-version":[{"id":25732,"href":"https:\/\/dev.niezawodneczesci.pl\/sk\/wp-json\/wp\/v2\/product\/7735\/revisions\/25732"}],"wp:featuredmedia":[{"embeddable":true,"href":"https:\/\/dev.niezawodneczesci.pl\/sk\/wp-json\/wp\/v2\/media\/17297"}],"wp:attachment":[{"href":"https:\/\/dev.niezawodneczesci.pl\/sk\/wp-json\/wp\/v2\/media?parent=7735"}],"wp:term":[{"taxonomy":"product_brand","embeddable":true,"href":"https:\/\/dev.niezawodneczesci.pl\/sk\/wp-json\/wp\/v2\/product_brand?post=7735"},{"taxonomy":"product_cat","embeddable":true,"href":"https:\/\/dev.niezawodneczesci.pl\/sk\/wp-json\/wp\/v2\/product_cat?post=7735"},{"taxonomy":"product_tag","embeddable":true,"href":"https:\/\/dev.niezawodneczesci.pl\/sk\/wp-json\/wp\/v2\/product_tag?post=7735"}],"curies":[{"name":"wp","href":"https:\/\/api.w.org\/{rel}","templated":true}]}}