{"id":7745,"date":"2021-06-16T11:54:13","date_gmt":"2021-06-16T09:54:13","guid":{"rendered":"https:\/\/niezawodneczesci.pl\/\/?post_type=product&#038;p=7745"},"modified":"2026-04-24T01:04:45","modified_gmt":"2026-04-23T23:04:45","slug":"klocki-hamulcowe-gdb1932-mercedes-benz","status":"publish","type":"product","link":"https:\/\/dev.niezawodneczesci.pl\/sk\/produkt\/klocki-hamulcowe-gdb1932-mercedes-benz\/","title":{"rendered":"BRZDOV\u00c9 DESTI\u010cKY SUNRICH PREDN\u00c9 0750.01-1932"},"content":{"rendered":"<p>Numer WVA<br \/>\n24869<\/p>\n<p>\u010c\u00edsla v\u00fdrobcov<br \/>\nGDB1932<\/p>\n<p>OE \u010d\u00edsla<br \/>\nAISIN: BPMB-1020<br \/>\nAKRON-MAL\u00d2: 1050947<br \/>\nATE: 13046027792<br \/>\nATE: 13047027792<br \/>\nBENDIX: 573403B<br \/>\nBENDIX-AU: DB2315<br \/>\nBORG &amp; BECK: BBP2344<br \/>\nBOSCH: 0 986 494 662<br \/>\nBOSCH: 0 986 495 299<br \/>\nBOSCH: 0 986 TB3 170<br \/>\nBREMBO: P50093<br \/>\nBrake ENGINEERING: PA1979<br \/>\nDELPHI: LP2441<br \/>\nFEBI BILSTEIN: 16870<br \/>\nFERODO: FDB4245<br \/>\nGIRLING: 6119321<br \/>\nHELLA: 8DB 355 019-721<br \/>\nHELLA: 8DB 355 026-471<br \/>\nHELLA PAGID: 8DB 355 019-721<br \/>\nHELLA PAGID: 8DB 355 026-471<br \/>\nICER: 182061<br \/>\nJURID: 573403J<br \/>\nLUCAS: LBP2027<br \/>\nMAPCO: 6647<br \/>\nMERCEDES-BENZ: 006 420 46 20<br \/>\nMERCEDES-BENZ: 006 420 85 20<br \/>\nMERCEDES-BENZ: 008 420 06 20<br \/>\nMERCEDES-BENZ: A 006 420 46 20<br \/>\nMERCEDES-BENZ: A 006 420 85 20<br \/>\nMERCEDES-BENZ: A 008 420 06 20<br \/>\nMETELLI: 22-0965-0<br \/>\nMETZGER: 148508<br \/>\nMEYLE: 025 248 6919<br \/>\nMEYLE: 025 248 6919\/PD<br \/>\nMINTEX: MDB3242<br \/>\nNK: 223371<br \/>\nOPTIMAL: 12609<br \/>\nOPTIMAL: BP-12609<br \/>\nPAGID: T2149<br \/>\nREMSA: 148508<br \/>\nROADHOUSE: 2148508<br \/>\nSWAG: 10 91 6870<br \/>\nTEXTAR: 2486901<br \/>\nTEXTAR: 2486903<br \/>\nTEXTAR: 2486919014<br \/>\nTRISCAN: 811023072<br \/>\nTRUCKTEC AUTOMOTIVE: 0235432<br \/>\nVALEO: 604119<br \/>\nZIMMERMANN: 248691951<\/p>","protected":false},"excerpt":{"rendered":"<p>Numer WVA 24869 Numery producenta GDB1932 Numery OE AISIN: BPMB-1020 AKRON-MAL\u00d2: 1050947 ATE: 13046027792 ATE: 13047027792 BENDIX: 573403B BENDIX-AU: DB2315 BORG &amp; BECK: BBP2344 BOSCH: 0 986 494 662 BOSCH: 0 986 495 299 BOSCH: 0 986 TB3 170 BREMBO: P50093 Brake ENGINEERING: PA1979 DELPHI: LP2441 FEBI BILSTEIN: 16870 FERODO: FDB4245 GIRLING: 6119321 HELLA: 8DB [&hellip;]<\/p>\n","protected":false},"featured_media":18633,"template":"","meta":{"_monsterinsights_skip_tracking":false,"_monsterinsights_sitenote_active":false,"_monsterinsights_sitenote_note":"","_monsterinsights_sitenote_category":0},"product_brand":[],"product_cat":[149],"product_tag":[],"class_list":{"0":"post-7745","1":"product","2":"type-product","3":"status-publish","4":"has-post-thumbnail","6":"product_cat-klocki-hamulcowe","8":"first","9":"instock","10":"taxable","11":"shipping-taxable","12":"purchasable","13":"product-type-simple"},"_links":{"self":[{"href":"https:\/\/dev.niezawodneczesci.pl\/sk\/wp-json\/wp\/v2\/product\/7745","targetHints":{"allow":["GET"]}}],"collection":[{"href":"https:\/\/dev.niezawodneczesci.pl\/sk\/wp-json\/wp\/v2\/product"}],"about":[{"href":"https:\/\/dev.niezawodneczesci.pl\/sk\/wp-json\/wp\/v2\/types\/product"}],"version-history":[{"count":1,"href":"https:\/\/dev.niezawodneczesci.pl\/sk\/wp-json\/wp\/v2\/product\/7745\/revisions"}],"predecessor-version":[{"id":25717,"href":"https:\/\/dev.niezawodneczesci.pl\/sk\/wp-json\/wp\/v2\/product\/7745\/revisions\/25717"}],"wp:featuredmedia":[{"embeddable":true,"href":"https:\/\/dev.niezawodneczesci.pl\/sk\/wp-json\/wp\/v2\/media\/18633"}],"wp:attachment":[{"href":"https:\/\/dev.niezawodneczesci.pl\/sk\/wp-json\/wp\/v2\/media?parent=7745"}],"wp:term":[{"taxonomy":"product_brand","embeddable":true,"href":"https:\/\/dev.niezawodneczesci.pl\/sk\/wp-json\/wp\/v2\/product_brand?post=7745"},{"taxonomy":"product_cat","embeddable":true,"href":"https:\/\/dev.niezawodneczesci.pl\/sk\/wp-json\/wp\/v2\/product_cat?post=7745"},{"taxonomy":"product_tag","embeddable":true,"href":"https:\/\/dev.niezawodneczesci.pl\/sk\/wp-json\/wp\/v2\/product_tag?post=7745"}],"curies":[{"name":"wp","href":"https:\/\/api.w.org\/{rel}","templated":true}]}}