{"id":8337,"date":"2021-10-12T12:25:04","date_gmt":"2021-10-12T10:22:08","guid":{"rendered":"https:\/\/niezawodneczesci.pl\/\/?post_type=product&#038;p=8337"},"modified":"2026-04-24T01:04:55","modified_gmt":"2026-04-23T23:04:55","slug":"klocki-hamulcowe-sunrich-tyl-sr0025-03-1415-2","status":"publish","type":"product","link":"https:\/\/dev.niezawodneczesci.pl\/sk\/produkt\/klocki-hamulcowe-sunrich-tyl-sr0025-03-1415-2\/","title":{"rendered":"BRZDOV\u00c9 DESTI\u010cKY SUNRICH ZADN\u00c9 SR0025.03-1415"},"content":{"rendered":"<p>Numer WVA<br \/>\n20961<br \/>\n23516<\/p>\n<p>\u010c\u00edsla v\u00fdrobcov<br \/>\nGDB1415<\/p>\n<p>OE \u010d\u00edsla<br \/>\nA.B.S.: 37214<br \/>\nACDelco: AC448181D<br \/>\nAISIN: BPVW-2901<br \/>\nAPEC: PAD1157<br \/>\nATE: 13046028592<br \/>\nATE: 13046028722<br \/>\nAUDI: 7M3 698 451 A<br \/>\nAUTOMEGA: 3069804517M3C<br \/>\nBENDIX: 573065B<br \/>\nBORG &amp; BECK: BBP1512<br \/>\nBORG &amp; BECK: BBP1721<br \/>\nBORG &amp; BECK: BBP1822<br \/>\nBORG &amp; BECK: BBP2130<br \/>\nBOSCH: 0 986 424 542<br \/>\nBOSCH: 0 986 424 559<br \/>\nBOSCH: 0 986 424 633<br \/>\nBOSCH: 0 986 494 025<br \/>\nBOSCH: 0 986 494 596<br \/>\nBOSCH: 0 986 494 599<br \/>\nBOSCH: 0 986 TB2 141<br \/>\nBOSCH: 0 986 TB2 592<br \/>\nBOSCH: F 026 000 029<br \/>\nBREMBO: P85058<br \/>\nBREMBO: P85059<br \/>\nBrake ENGINEERING: PA1563<br \/>\nDELPHI: LP1511<br \/>\nDELPHI: LP1556<br \/>\nDELPHI: LP1733<br \/>\nE.T.F.: 120982<br \/>\nE.T.F.: 121006<br \/>\nFEBI BILSTEIN: 16346<br \/>\nFEBI BILSTEIN: 16394<br \/>\nFERODO: FDB1481<br \/>\nFERODO: FDB1482<br \/>\nFERODO: FQT1481<br \/>\nFERODO: FQT1482<br \/>\nFERODO: FSL1481<br \/>\nFERODO: FSL1482<br \/>\nFIRST LINE: FBP3350<br \/>\nFIRST LINE: FBP3432<br \/>\nFIRST LINE: FBP3774<br \/>\nFORD: 1109015<br \/>\nFORD: 1133447<br \/>\nFORD: 1133448<br \/>\nFORD: 1205697<br \/>\nFORD: 1207518<br \/>\nFORD: 1207519<br \/>\nFORD: 1343513<br \/>\nFORD: 1345337<br \/>\nFORD: 1386603<br \/>\nFORD: 5M21-2M008-AA<br \/>\nFORD: YM212M008BA<br \/>\nFORD: YM212M008DA<br \/>\nFORD: YM2J-2M008-BA<br \/>\nFORD: YM2J2M008AA<br \/>\nFTE: BL1194A4<br \/>\nFTE: BL1194B4<br \/>\nFTE: BL1773A4<br \/>\nGALFER: B1G10205492<br \/>\nGALFER: B1G10205642<br \/>\nHELLA: 8DB 355 018-571<br \/>\nHELLA: 8DB 355 018-601<br \/>\nHERZOG GERMANY: 887110<br \/>\nHERZOG GERMANY: 887214<br \/>\nICER: 181387<br \/>\nICER: 181387700<br \/>\nJURID: 573038J<br \/>\nJURID: 573049J<br \/>\nJURID: 573065J<br \/>\nJURID: 573065JC<br \/>\nKAWE: 81477<br \/>\nLEMF\u00d6RDER: 26471<br \/>\nLPR: 05P634<br \/>\nLPR: 05P980<br \/>\nMAGNETI MARELLI: 363702161259<br \/>\nMAPCO: 6673<br \/>\nMAPCO: 6715<br \/>\nMETELLI: 2201003<br \/>\nMETELLI: 2203462<br \/>\nMETZGER: 026351<br \/>\nMETZGER: 076712<br \/>\nMEYLE: 025 209 6117<br \/>\nMEYLE: 025 209 6117\/PD<br \/>\nMEYLE: 025 232 2417\/W<br \/>\nMEYLE: 025 234 4616\/PD<br \/>\nMEYLE: 025 234 4616\/W<br \/>\nMEYLE: 025 235 5417\/PD<br \/>\nMEYLE: 025 235 5417\/W<br \/>\nMINTEX: MDB2096<br \/>\nMINTEX: MDB2118<br \/>\nMINTEX: MDK0037<br \/>\nMINTEX: MDK0039<br \/>\nMINTEX: MDK0196<br \/>\nNECTO: FD6939A<br \/>\nNECTO: FD6939N<br \/>\nNECTO: FD6997A<br \/>\nNECTO: FD6997N<br \/>\nNK: 224753<br \/>\nNK: 224755<br \/>\nOPTIMAL: 12096<br \/>\nPAGID: T5075ECO<br \/>\nPAGID: T5135<br \/>\nPAGID: T5138<br \/>\nPEX: 7567<br \/>\nPEX: 7567S<br \/>\nPEX: 7629<br \/>\nPEX: 7629S<br \/>\nQH Benelux: 7386<br \/>\nQUINTON HAZELL: BP1280<br \/>\nQUINTON HAZELL: BP1286<br \/>\nQUINTON HAZELL: BP1301<br \/>\nQUINTON HAZELL: BP1418<br \/>\nQUINTON HAZELL: BP456<br \/>\nRAMEDER: T0610201<br \/>\nRAMEDER: T0610202<br \/>\nREMSA: 026301<br \/>\nREMSA: 026341<br \/>\nREMSA: 026351<br \/>\nREMSA: 076712<br \/>\nREMSA: 26301<br \/>\nREMSA: 26341<br \/>\nREMSA: 26351<br \/>\nREMSA: 76712<br \/>\nREMY: RAP1002<br \/>\nROULUNDS RUBBER: 605581<br \/>\nSEAT: 7M3 698 451<br \/>\nSEAT: 7M3 698 451 A<br \/>\nSEAT: 7M3 698 451 B<br \/>\nSEAT: 7M3 698 451 C<br \/>\nSEAT: 7M3 698 451 E<br \/>\nSKODA: 7M3 698 451 A<br \/>\nSPIDAN: 32871<br \/>\nSWAG: 50916394<br \/>\nTEXTAR: 2096104<br \/>\nTEXTAR: 2096105<br \/>\nTEXTAR: 2096108<br \/>\nTEXTAR: 2096117215<br \/>\nTEXTAR: 2344605<br \/>\nTEXTAR: 2355402<br \/>\nTEXTAR: 2355403<br \/>\nTEXTAR: 2355412<br \/>\nTEXTAR: 2355423<br \/>\nTEXTAR: 2355481<br \/>\nTOPRAN: 109475<br \/>\nTRISCAN: 811029035<br \/>\nTRUCKTEC AUTOMOTIVE: 0735142<br \/>\nTRUCKTEC AUTOMOTIVE: 0735143<br \/>\nTRUSTING: 3552<br \/>\nVAICO: V108123<br \/>\nVAICO: V108150<br \/>\nVAICO: V1081501<br \/>\nVALEO: 301681<br \/>\nVALEO: 598681<br \/>\nVW: 7M3 698 451<br \/>\nVW: 7M3 698 451 A<br \/>\nVW: 7M3 698 451 B<br \/>\nVW: 7M3 698 451 C<br \/>\nVW: 7M3 698 451 E<br \/>\nVW: 7M3 698 451 G<br \/>\nWAGNER: WBP20961E<br \/>\nWAGNER: WBP23224A<br \/>\nWOKING: P363351<br \/>\nZIMMERMANN: 234461651<br \/>\nZIMMERMANN: 234461652<br \/>\nZIMMERMANN: 235541702<br \/>\nZIMMERMANN: 235541704<br \/>\nfri.tech.: 3552<br \/>\nsbs: 224753<br \/>\nsbs: 224755<\/p>","protected":false},"excerpt":{"rendered":"<p>Numer WVA 20961 23516 Numery producenta GDB1415 Numery OE A.B.S.: 37214 ACDelco: AC448181D AISIN: BPVW-2901 APEC: PAD1157 ATE: 13046028592 ATE: 13046028722 AUDI: 7M3 698 451 A AUTOMEGA: 3069804517M3C BENDIX: 573065B BORG &amp; BECK: BBP1512 BORG &amp; BECK: BBP1721 BORG &amp; BECK: BBP1822 BORG &amp; BECK: BBP2130 BOSCH: 0 986 424 542 BOSCH: 0 986 424 [&hellip;]<\/p>\n","protected":false},"featured_media":18219,"template":"","meta":{"_monsterinsights_skip_tracking":false,"_monsterinsights_sitenote_active":false,"_monsterinsights_sitenote_note":"","_monsterinsights_sitenote_category":0},"product_brand":[],"product_cat":[149],"product_tag":[],"class_list":{"0":"post-8337","1":"product","2":"type-product","3":"status-publish","4":"has-post-thumbnail","6":"product_cat-klocki-hamulcowe","8":"first","9":"instock","10":"taxable","11":"shipping-taxable","12":"purchasable","13":"product-type-simple"},"_links":{"self":[{"href":"https:\/\/dev.niezawodneczesci.pl\/sk\/wp-json\/wp\/v2\/product\/8337","targetHints":{"allow":["GET"]}}],"collection":[{"href":"https:\/\/dev.niezawodneczesci.pl\/sk\/wp-json\/wp\/v2\/product"}],"about":[{"href":"https:\/\/dev.niezawodneczesci.pl\/sk\/wp-json\/wp\/v2\/types\/product"}],"version-history":[{"count":1,"href":"https:\/\/dev.niezawodneczesci.pl\/sk\/wp-json\/wp\/v2\/product\/8337\/revisions"}],"predecessor-version":[{"id":25699,"href":"https:\/\/dev.niezawodneczesci.pl\/sk\/wp-json\/wp\/v2\/product\/8337\/revisions\/25699"}],"wp:featuredmedia":[{"embeddable":true,"href":"https:\/\/dev.niezawodneczesci.pl\/sk\/wp-json\/wp\/v2\/media\/18219"}],"wp:attachment":[{"href":"https:\/\/dev.niezawodneczesci.pl\/sk\/wp-json\/wp\/v2\/media?parent=8337"}],"wp:term":[{"taxonomy":"product_brand","embeddable":true,"href":"https:\/\/dev.niezawodneczesci.pl\/sk\/wp-json\/wp\/v2\/product_brand?post=8337"},{"taxonomy":"product_cat","embeddable":true,"href":"https:\/\/dev.niezawodneczesci.pl\/sk\/wp-json\/wp\/v2\/product_cat?post=8337"},{"taxonomy":"product_tag","embeddable":true,"href":"https:\/\/dev.niezawodneczesci.pl\/sk\/wp-json\/wp\/v2\/product_tag?post=8337"}],"curies":[{"name":"wp","href":"https:\/\/api.w.org\/{rel}","templated":true}]}}