{"id":8344,"date":"2021-10-12T12:25:53","date_gmt":"2021-10-12T10:22:56","guid":{"rendered":"https:\/\/niezawodneczesci.pl\/\/?post_type=product&#038;p=8344"},"modified":"2026-04-28T12:06:54","modified_gmt":"2026-04-28T10:06:54","slug":"klocki-hamulcowe-gdb255-ford","status":"publish","type":"product","link":"https:\/\/dev.niezawodneczesci.pl\/sk\/produkt\/klocki-hamulcowe-gdb255-ford\/","title":{"rendered":"BRZDOV\u00c9 DESTI\u010cKY SUNRICH PREDN\u00c9 SR0090.01-255"},"content":{"rendered":"<p>Numer WVA<br \/>\n20640,<br \/>\n20753<\/p>\n<p>\u010c\u00edsla v\u00fdrobcov<br \/>\nGDB255<\/p>\n<p>OE \u010d\u00edsla<br \/>\nA.B.S.: 36446<br \/>\nA.B.S.: 36446OE<br \/>\nA.B.S.: 36459<br \/>\nA.B.S.: 36459OE<br \/>\nACDelco: AC430981D<br \/>\nACDelco: AC431181D<br \/>\nAPEC: PAD995<br \/>\nATE: 11046148432<br \/>\nATE: 13046070262<br \/>\nATE: 13046070712<br \/>\nATE: 13046370712<br \/>\nBENDIX: 571291B<br \/>\nBENDIX: 571291X<br \/>\nBENDIX: 571351B<br \/>\nBENDIX: 571536B<br \/>\nBENDIX: 571536X<br \/>\nBENDIX: 571914B<br \/>\nBENDIX-AU: DB212<br \/>\nBLUE PRINT: ADM54265<br \/>\nBORG &amp; BECK: BBP1104<br \/>\nBORG &amp; BECK: BBP1110<br \/>\nBORG &amp; BECK: BBP1118<br \/>\nBORG &amp; BECK: BBP1509<br \/>\nBOSCH: 0 986 424 462<br \/>\nBOSCH: 0 986 466 402<br \/>\nBOSCH: 0 986 466 403<br \/>\nBOSCH: 0 986 566 402<br \/>\nBOSCH: 0 986 AB3 857<br \/>\nBOSCH: 0 986 AB3 858<br \/>\nBOSCH: 0 986 TB2 067<br \/>\nBOSCH: 0 986 TB2 068<br \/>\nBOSCH: 0 986 TB2 499<br \/>\nBOSCH: F 026 000 016<br \/>\nBREMBO: P24006<br \/>\nBREMBO: P24012<br \/>\nBrake ENGINEERING: PA310<br \/>\nDELPHI: LP0255<br \/>\nDELPHI: LP1604<br \/>\nDELPHI: LP204<br \/>\nDELPHI: LP255<br \/>\nDELPHI: LP457<br \/>\nE.T.F.: 120163<br \/>\nE.T.F.: 1201631<br \/>\nE.T.F.: 120266<br \/>\nE.T.F.: 120282<br \/>\nE.T.F.: 120427<br \/>\nE.T.F.: 120675<br \/>\nFEBI BILSTEIN: 16023<br \/>\nFEBI BILSTEIN: 16040<br \/>\nFERODO: FDB206<br \/>\nFERODO: FDB212<br \/>\nFERODO: FDS212<br \/>\nFERODO: FSL206<br \/>\nFERODO: FSL212<br \/>\nFERODO: TAR206<br \/>\nFERODO: TAR212<br \/>\nFIRST LINE: FBP1143<br \/>\nFIRST LINE: FBP1166<br \/>\nFORD: 1030602<br \/>\nFORD: 1039106<br \/>\nFORD: 1079920<br \/>\nFORD: 1619209<br \/>\nFORD: 1659935<br \/>\nFORD: 178479<br \/>\nFORD: 5015919<br \/>\nFORD: 5018194<br \/>\nFORD: 5018899<br \/>\nFORD: 6095773<br \/>\nFORD: 6130483<br \/>\nFORD: 6136893<br \/>\nFORD: 6144685<br \/>\nFORD: 6147496<br \/>\nFORD: 6158945<br \/>\nFORD: 6166952<br \/>\nFORD: 6174117<br \/>\nFORD: 6174786<br \/>\nFORD: 6174787<br \/>\nFORD: 6178479<br \/>\nFORD: 6178480<br \/>\nFORD: 6511773<br \/>\nFORD: 87FX-2K021-GA<br \/>\nFORD: 98FX-2K021-BA<br \/>\nFTE: BL1114A1<br \/>\nFTE: BL1114B1<br \/>\nFTE: BL1146A2<br \/>\nFTE: BL1481A1<br \/>\nFTE: BL1481B1<br \/>\nGALFER: B1G10203342<br \/>\nHELLA: 8DB 355 007-341<br \/>\nHELLA: 8DB 355 008-331<br \/>\nHELLA: 8DB 355 017-361<br \/>\nHERTH+BUSS JAKOPARTS: J3603050<br \/>\nHERZOG GERMANY: 886996<br \/>\nHERZOG GERMANY: 886997<br \/>\nICER: 180329<br \/>\nICER: 180410<br \/>\nICER: 180475<br \/>\nICER: 181142<br \/>\nJP GROUP: DP713<br \/>\nJURID: 571291D<br \/>\nJURID: 571291J<br \/>\nJURID: 571351J<br \/>\nJURID: 571536D<br \/>\nJURID: 571536J<br \/>\nJURID: 571914D<br \/>\nJURID: 571914J<br \/>\nKAWE: 80152<br \/>\nKAWE: 80649<br \/>\nLEMF\u00d6RDER: 20697 06<br \/>\nLEMF\u00d6RDER: 20698 03<br \/>\nLEMF\u00d6RDER: 26650<br \/>\nLEMF\u00d6RDER: 26657<br \/>\nLPR: 05P233<br \/>\nLPR: 05P327<br \/>\nLPR: 05P628<br \/>\nMAGNETI MARELLI: 363702160027<br \/>\nMAGNETI MARELLI: 363702160194<br \/>\nMAGNETI MARELLI: 363702160334<br \/>\nMAGNETI MARELLI: 363702160712<br \/>\nMAGNETI MARELLI: 363702161016<br \/>\nMAPCO: 6159\/2<br \/>\nMAPCO: 6225\/1<br \/>\nMAZDA: 1E06-33-23Z<br \/>\nMAZDA: 1E063323ZA<br \/>\nMAZDA: 1E063323ZB<br \/>\nMETELLI: 2200290<br \/>\nMETELLI: 2200930<br \/>\nMETZGER: 011910<br \/>\nMETZGER: 011920<br \/>\nMETZGER: 017202<br \/>\nMEYLE: 025 207 5318<br \/>\nMEYLE: 025 231 0315<br \/>\nMEYLE: 0252090718W<br \/>\nMGA: 156<br \/>\nMGA: 399<br \/>\nMINTEX: MDB1174<br \/>\nMINTEX: MDB1175<br \/>\nMINTEX: MDB1236<br \/>\nMINTEX: MDB1883<br \/>\nMINTEX: MDK0031<br \/>\nMINTEX: MDK0033<br \/>\nMINTEX: MDK0171<br \/>\nMK Kashiyama: D3108<br \/>\nNECTO: FD406A<br \/>\nNECTO: FD406N<br \/>\nNECTO: FD6428A<br \/>\nNECTO: FD6711A<br \/>\nNECTO: FD6711N<br \/>\nOPTIMAL: 10107<br \/>\nOPTIMAL: 9241<br \/>\nOPTIMAL: 9303<br \/>\nOPTIMAL: 9357<br \/>\nOPTIMAL: 9606<br \/>\nOPTIMAL: 9608<br \/>\nPAGID: T1006<br \/>\nPAGID: T1141<br \/>\nPAGID: T1141ECO<br \/>\nPAGID: T4017<br \/>\nPAGID: T4017ECO<br \/>\nPAGID: T4019<br \/>\nPAGID: T4019ECO<br \/>\nPEX: 7044<br \/>\nPEX: 7445S<br \/>\nQH Benelux: 2132<br \/>\nQH Benelux: 2563<br \/>\nQH Benelux: 2676<br \/>\nQH Benelux: 7389<br \/>\nQUINTON HAZELL: 811900<br \/>\nQUINTON HAZELL: 811901<br \/>\nQUINTON HAZELL: 811902<br \/>\nQUINTON HAZELL: 811903<br \/>\nQUINTON HAZELL: BLF160<br \/>\nQUINTON HAZELL: BLF161<br \/>\nQUINTON HAZELL: BP160<br \/>\nQUINTON HAZELL: BP161<br \/>\nQUINTON HAZELL: BP876<br \/>\nRAMEDER: T0600005<br \/>\nRAMEDER: T0610040<br \/>\nRAMEDER: T0610337<br \/>\nRAMEDER: T0610703<br \/>\nRAMEDER: T0611240<br \/>\nRAMEDER: T0611241<br \/>\nREMSA: 011900<br \/>\nREMSA: 011910<br \/>\nREMSA: 011915<br \/>\nREMSA: 011920<br \/>\nREMSA: 011932<br \/>\nREMSA: 11900<br \/>\nREMSA: 11910<br \/>\nREMSA: 11915<br \/>\nREMSA: 11920<br \/>\nREMSA: 11932<br \/>\nREMSA: 811900<br \/>\nREMSA: 811901<br \/>\nREMSA: 811902<br \/>\nREMSA: 811903<br \/>\nROADHOUSE: 811900<br \/>\nROADHOUSE: 811901<br \/>\nROADHOUSE: 811902<br \/>\nROADHOUSE: 811903<br \/>\nROULUNDS RUBBER: 430981<br \/>\nROULUNDS RUBBER: 431181<br \/>\nSCT &#8211; MANNOL: SP108<br \/>\nSPIDAN: 30132<br \/>\nSPIDAN: 32207<br \/>\nSWAG: 50916040<br \/>\nTEXTAR: 2075303<br \/>\nTEXTAR: 2075318005<br \/>\nTEXTAR: 2078302<br \/>\nTEXTAR: 2090702<br \/>\nTEXTAR: 2310301<br \/>\nTOPRAN: 300536<br \/>\nTRISCAN: 811016300<br \/>\nTRISCAN: 811016801<br \/>\nTRISCAN: 811016817<br \/>\nTRUCKTEC AUTOMOTIVE: 1835024<br \/>\nTRUSTING: 0310<br \/>\nTRUSTING: 0950<br \/>\nVAICO: V258101<br \/>\nVAICO: V258102<br \/>\nVALEO: 301212<br \/>\nVALEO: 598120<br \/>\nVALEO: 598166<br \/>\nVALEO: 598212<br \/>\nVALEO: 604031<br \/>\nWAGNER: WBP20640A<br \/>\nWOKING: P019300<br \/>\nWOKING: P019320<br \/>\nWOKING: P019332<br \/>\nZIMMERMANN: 207531801<br \/>\nZIMMERMANN: 231031801<\/p>","protected":false},"excerpt":{"rendered":"<p>Numer WVA 20640, 20753 Numery producenta GDB255 Numery OE A.B.S.: 36446 A.B.S.: 36446OE A.B.S.: 36459 A.B.S.: 36459OE ACDelco: AC430981D ACDelco: AC431181D APEC: PAD995 ATE: 11046148432 ATE: 13046070262 ATE: 13046070712 ATE: 13046370712 BENDIX: 571291B BENDIX: 571291X BENDIX: 571351B BENDIX: 571536B BENDIX: 571536X BENDIX: 571914B BENDIX-AU: DB212 BLUE PRINT: ADM54265 BORG &amp; BECK: BBP1104 BORG &amp; BECK: [&hellip;]<\/p>\n","protected":false},"featured_media":18921,"template":"","meta":{"_monsterinsights_skip_tracking":false,"_monsterinsights_sitenote_active":false,"_monsterinsights_sitenote_note":"","_monsterinsights_sitenote_category":0},"product_brand":[],"product_cat":[149,447],"product_tag":[],"class_list":{"0":"post-8344","1":"product","2":"type-product","3":"status-publish","4":"has-post-thumbnail","6":"product_cat-klocki-hamulcowe","7":"product_cat-promocja","9":"first","10":"instock","11":"taxable","12":"shipping-taxable","13":"product-type-simple"},"_links":{"self":[{"href":"https:\/\/dev.niezawodneczesci.pl\/sk\/wp-json\/wp\/v2\/product\/8344","targetHints":{"allow":["GET"]}}],"collection":[{"href":"https:\/\/dev.niezawodneczesci.pl\/sk\/wp-json\/wp\/v2\/product"}],"about":[{"href":"https:\/\/dev.niezawodneczesci.pl\/sk\/wp-json\/wp\/v2\/types\/product"}],"version-history":[{"count":1,"href":"https:\/\/dev.niezawodneczesci.pl\/sk\/wp-json\/wp\/v2\/product\/8344\/revisions"}],"predecessor-version":[{"id":22740,"href":"https:\/\/dev.niezawodneczesci.pl\/sk\/wp-json\/wp\/v2\/product\/8344\/revisions\/22740"}],"wp:featuredmedia":[{"embeddable":true,"href":"https:\/\/dev.niezawodneczesci.pl\/sk\/wp-json\/wp\/v2\/media\/18921"}],"wp:attachment":[{"href":"https:\/\/dev.niezawodneczesci.pl\/sk\/wp-json\/wp\/v2\/media?parent=8344"}],"wp:term":[{"taxonomy":"product_brand","embeddable":true,"href":"https:\/\/dev.niezawodneczesci.pl\/sk\/wp-json\/wp\/v2\/product_brand?post=8344"},{"taxonomy":"product_cat","embeddable":true,"href":"https:\/\/dev.niezawodneczesci.pl\/sk\/wp-json\/wp\/v2\/product_cat?post=8344"},{"taxonomy":"product_tag","embeddable":true,"href":"https:\/\/dev.niezawodneczesci.pl\/sk\/wp-json\/wp\/v2\/product_tag?post=8344"}],"curies":[{"name":"wp","href":"https:\/\/api.w.org\/{rel}","templated":true}]}}