{"id":8365,"date":"2021-10-12T12:31:05","date_gmt":"2021-10-12T10:28:09","guid":{"rendered":"https:\/\/niezawodneczesci.pl\/\/?post_type=product&#038;p=8365"},"modified":"2026-04-24T01:04:48","modified_gmt":"2026-04-23T23:04:48","slug":"klocki-hamulcowe-gdb1638-fiat","status":"publish","type":"product","link":"https:\/\/dev.niezawodneczesci.pl\/sk\/produkt\/klocki-hamulcowe-gdb1638-fiat\/","title":{"rendered":"BRZDOV\u00c9 DESTI\u010cKY SUNRICH SR0509.01-1638"},"content":{"rendered":"<p>\u010c\u00edsla v\u00fdrobcov<br \/>\nGDB1638<\/p>\n<p>OE \u010d\u00edsla<br \/>\nATE: 13046038252<br \/>\nBORG &amp; BECK: BBP1992<br \/>\nBOSCH: 0 986 494 126<br \/>\nBREMBO: P23102<br \/>\nBrake ENGINEERING: PA1691<br \/>\nDELPHI: LP1964<br \/>\nE.T.F.: 121227<br \/>\nFEBI BILSTEIN: 16852<br \/>\nFERODO: FDB1798<br \/>\nFIAT: 77363610<br \/>\nFTE: BL2014A3<br \/>\nGIRLING: 6116381<br \/>\nHELLA: 8DB 355 012-411<br \/>\nHELLA: 8DB 355 012-421<br \/>\nICER: 181763<br \/>\nICER: 181763703<br \/>\nJURID: 573307J<br \/>\nJURID: 573307JC<br \/>\nKAGER: 351018<br \/>\nKAWE: 81758<br \/>\nLPR: 05P1218<br \/>\nMAGNETI MARELLI: 363702161437<br \/>\nMETELLI: 2207060<br \/>\nMEYLE: 025 243 4817<br \/>\nMINTEX: MDB2800<br \/>\nNECTO: FD7193A<br \/>\nOPTIMAL: 12313<br \/>\nOPTIMAL: BP-12313<br \/>\nPAGID: T1607<br \/>\nQH Benelux: 7717<br \/>\nREMSA: 117800<br \/>\nREMSA: 117860<br \/>\nROADHOUSE: 2117800<br \/>\nSWAG: 70916852<br \/>\nTEXTAR: 2434802<br \/>\nTRISCAN: 811015043<br \/>\nVALEO: 598727<br \/>\nWAGNER: WBP24348B<br \/>\nZIMMERMANN: 243481602<\/p>","protected":false},"excerpt":{"rendered":"<p>Numery producenta GDB1638 Numery OE ATE: 13046038252 BORG &amp; BECK: BBP1992 BOSCH: 0 986 494 126 BREMBO: P23102 Brake ENGINEERING: PA1691 DELPHI: LP1964 E.T.F.: 121227 FEBI BILSTEIN: 16852 FERODO: FDB1798 FIAT: 77363610 FTE: BL2014A3 GIRLING: 6116381 HELLA: 8DB 355 012-411 HELLA: 8DB 355 012-421 ICER: 181763 ICER: 181763703 JURID: 573307J JURID: 573307JC KAGER: 351018 KAWE: [&hellip;]<\/p>\n","protected":false},"featured_media":18410,"template":"","meta":{"_monsterinsights_skip_tracking":false,"_monsterinsights_sitenote_active":false,"_monsterinsights_sitenote_note":"","_monsterinsights_sitenote_category":0},"product_brand":[],"product_cat":[149,447],"product_tag":[],"class_list":{"0":"post-8365","1":"product","2":"type-product","3":"status-publish","4":"has-post-thumbnail","6":"product_cat-klocki-hamulcowe","7":"product_cat-promocja","9":"first","10":"instock","11":"taxable","12":"shipping-taxable","13":"purchasable","14":"product-type-simple"},"_links":{"self":[{"href":"https:\/\/dev.niezawodneczesci.pl\/sk\/wp-json\/wp\/v2\/product\/8365","targetHints":{"allow":["GET"]}}],"collection":[{"href":"https:\/\/dev.niezawodneczesci.pl\/sk\/wp-json\/wp\/v2\/product"}],"about":[{"href":"https:\/\/dev.niezawodneczesci.pl\/sk\/wp-json\/wp\/v2\/types\/product"}],"version-history":[{"count":1,"href":"https:\/\/dev.niezawodneczesci.pl\/sk\/wp-json\/wp\/v2\/product\/8365\/revisions"}],"predecessor-version":[{"id":25674,"href":"https:\/\/dev.niezawodneczesci.pl\/sk\/wp-json\/wp\/v2\/product\/8365\/revisions\/25674"}],"wp:featuredmedia":[{"embeddable":true,"href":"https:\/\/dev.niezawodneczesci.pl\/sk\/wp-json\/wp\/v2\/media\/18410"}],"wp:attachment":[{"href":"https:\/\/dev.niezawodneczesci.pl\/sk\/wp-json\/wp\/v2\/media?parent=8365"}],"wp:term":[{"taxonomy":"product_brand","embeddable":true,"href":"https:\/\/dev.niezawodneczesci.pl\/sk\/wp-json\/wp\/v2\/product_brand?post=8365"},{"taxonomy":"product_cat","embeddable":true,"href":"https:\/\/dev.niezawodneczesci.pl\/sk\/wp-json\/wp\/v2\/product_cat?post=8365"},{"taxonomy":"product_tag","embeddable":true,"href":"https:\/\/dev.niezawodneczesci.pl\/sk\/wp-json\/wp\/v2\/product_tag?post=8365"}],"curies":[{"name":"wp","href":"https:\/\/api.w.org\/{rel}","templated":true}]}}