{"id":8379,"date":"2021-10-12T12:33:45","date_gmt":"2021-10-12T10:30:49","guid":{"rendered":"https:\/\/niezawodneczesci.pl\/\/?post_type=product&#038;p=8379"},"modified":"2026-04-24T01:04:45","modified_gmt":"2026-04-23T23:04:45","slug":"klocki-hamulcowe-gdb1992-citroen-peugeot","status":"publish","type":"product","link":"https:\/\/dev.niezawodneczesci.pl\/sk\/produkt\/klocki-hamulcowe-gdb1992-citroen-peugeot\/","title":{"rendered":"BRZDOV\u00c9 DESTI\u010cKY SUNRICH SR0736.01-1992"},"content":{"rendered":"<p>Numer WVA<br \/>\n25250,<br \/>\n25251<\/p>\n<p>\u010c\u00edsla v\u00fdrobcov<br \/>\nGDB1992<\/p>\n<p>OE \u010d\u00edsla<br \/>\nAISIN: BPPE-1034<br \/>\nAKRON-MAL\u00d2: 1051137<br \/>\nAPEC: PAD1937<br \/>\nAPEC: PD3732<br \/>\nATE: 13.0460-3867.2<br \/>\nATE: 13.0460-3869.2<br \/>\nATE: 13.0470-3869.2<br \/>\nBENDIX: 573461B<br \/>\nBORG &amp; BECK: BBP2442<br \/>\nBOSCH: 0 986 494 713<br \/>\nBOSCH: 0 986 TB3 158<br \/>\nBREMBO: P 61 138<br \/>\nBREMBO: P61113<br \/>\nBREMBO: P61113N<br \/>\nBREMBO: P61138N<br \/>\nCITROEN: 16 086 913 80<br \/>\nCITROEN: 16 106 992 80<br \/>\nDELPHI: LP2485<br \/>\nFEBI BILSTEIN: 116424<br \/>\nFERODO: FDB4491<br \/>\nFERODO: FDB4823<br \/>\nFTE: BL2770A1<br \/>\nFTE: BL2770B1<br \/>\nGIRLING: 6119926<br \/>\nHELLA: 8DB 355 020-771<br \/>\nHELLA: 8DB 355 040-561<br \/>\nHELLA PAGID: 8DB 355 040-561<br \/>\nHELLA PAGID: 8DB355020771<br \/>\nICER: 182131<br \/>\nJURID: 573461J<br \/>\nKAWE: 153000<br \/>\nLPR: 05P1770<br \/>\nMAGNETI MARELLI: 323700042300<br \/>\nMAGNETI MARELLI: 363700202244<br \/>\nMAPCO: 6623<br \/>\nMETELLI: 22-0982-0<br \/>\nMETZGER: 1170690<br \/>\nMEYLE: 0252525118<br \/>\nMGA: 1160<br \/>\nMINTEX: MDB3345<br \/>\nNK: 221977<br \/>\nOPTIMAL: BP-12634<br \/>\nPAGID: T2244<br \/>\nPEUGEOT: 16 086 913 80<br \/>\nPEUGEOT: 16 106 992 80<br \/>\nQUINTON HAZELL: BP1825<br \/>\nREMSA: 153000<br \/>\nREMY: RAP1276<br \/>\nREMY: RAP1563<br \/>\nROADHOUSE: 2153000<br \/>\nSWAG: 64 11 6424<br \/>\nTEXTAR: 2525001<br \/>\nTEXTAR: 2525004<br \/>\nVAICO: V22-0462<br \/>\nVALEO: 302155<br \/>\nVALEO: 601371<br \/>\nWAGNER: WBP80011A<br \/>\nWOKING: P1430300<br \/>\nZIMMERMANN: 25250.190.1<br \/>\nZIMMERMANN: 25250.190.2<br \/>\nsbs: 1501221977<\/p>","protected":false},"excerpt":{"rendered":"<p>Numer WVA 25250, 25251 Numery producenta GDB1992 Numery OE AISIN: BPPE-1034 AKRON-MAL\u00d2: 1051137 APEC: PAD1937 APEC: PD3732 ATE: 13.0460-3867.2 ATE: 13.0460-3869.2 ATE: 13.0470-3869.2 BENDIX: 573461B BORG &amp; BECK: BBP2442 BOSCH: 0 986 494 713 BOSCH: 0 986 TB3 158 BREMBO: P 61 138 BREMBO: P61113 BREMBO: P61113N BREMBO: P61138N CITROEN: 16 086 913 80 CITROEN: [&hellip;]<\/p>\n","protected":false},"featured_media":18627,"template":"","meta":{"_monsterinsights_skip_tracking":false,"_monsterinsights_sitenote_active":false,"_monsterinsights_sitenote_note":"","_monsterinsights_sitenote_category":0},"product_brand":[],"product_cat":[149],"product_tag":[],"class_list":{"0":"post-8379","1":"product","2":"type-product","3":"status-publish","4":"has-post-thumbnail","6":"product_cat-klocki-hamulcowe","8":"first","9":"instock","10":"taxable","11":"shipping-taxable","12":"purchasable","13":"product-type-simple"},"_links":{"self":[{"href":"https:\/\/dev.niezawodneczesci.pl\/sk\/wp-json\/wp\/v2\/product\/8379","targetHints":{"allow":["GET"]}}],"collection":[{"href":"https:\/\/dev.niezawodneczesci.pl\/sk\/wp-json\/wp\/v2\/product"}],"about":[{"href":"https:\/\/dev.niezawodneczesci.pl\/sk\/wp-json\/wp\/v2\/types\/product"}],"version-history":[{"count":1,"href":"https:\/\/dev.niezawodneczesci.pl\/sk\/wp-json\/wp\/v2\/product\/8379\/revisions"}],"predecessor-version":[{"id":25666,"href":"https:\/\/dev.niezawodneczesci.pl\/sk\/wp-json\/wp\/v2\/product\/8379\/revisions\/25666"}],"wp:featuredmedia":[{"embeddable":true,"href":"https:\/\/dev.niezawodneczesci.pl\/sk\/wp-json\/wp\/v2\/media\/18627"}],"wp:attachment":[{"href":"https:\/\/dev.niezawodneczesci.pl\/sk\/wp-json\/wp\/v2\/media?parent=8379"}],"wp:term":[{"taxonomy":"product_brand","embeddable":true,"href":"https:\/\/dev.niezawodneczesci.pl\/sk\/wp-json\/wp\/v2\/product_brand?post=8379"},{"taxonomy":"product_cat","embeddable":true,"href":"https:\/\/dev.niezawodneczesci.pl\/sk\/wp-json\/wp\/v2\/product_cat?post=8379"},{"taxonomy":"product_tag","embeddable":true,"href":"https:\/\/dev.niezawodneczesci.pl\/sk\/wp-json\/wp\/v2\/product_tag?post=8379"}],"curies":[{"name":"wp","href":"https:\/\/api.w.org\/{rel}","templated":true}]}}