{"id":8382,"date":"2021-10-12T12:34:08","date_gmt":"2021-10-12T10:31:11","guid":{"rendered":"https:\/\/niezawodneczesci.pl\/\/?post_type=product&#038;p=8382"},"modified":"2026-04-24T01:04:44","modified_gmt":"2026-04-23T23:04:44","slug":"klocki-hamulcowe-gdb2099-opel-corsa","status":"publish","type":"product","link":"https:\/\/dev.niezawodneczesci.pl\/sk\/produkt\/klocki-hamulcowe-gdb2099-opel-corsa\/","title":{"rendered":"BRZDOV\u00c9 DESTI\u010cKY SUNRICH SR0776.01-2099"},"content":{"rendered":"<p>\u010c\u00edsla v\u00fdrobcov<br \/>\nGDB2099<\/p>\n<p>OE \u010d\u00edsla<br \/>\nA.B.S.: P59084<br \/>\nAISIN: BPOP-1023<br \/>\nAKRON-MAL\u00d2: 1051249<br \/>\nAPEC: PAD2062<br \/>\nAPEC: PD3383<br \/>\nATE: 13.0460-7310.2<br \/>\nBOSCH: 0 986 494 824<br \/>\nBREMBO: P 59 084<br \/>\nBREMBO: P59084N<br \/>\nDELPHI: LP3163<br \/>\nFERODO: FDB4866<br \/>\nFREMAX: FBP-0018<br \/>\nGIRLING: 6120992<br \/>\nHELLA: 8DB 355 023-261<br \/>\nHELLA PAGID: 8DB 355 023-261<br \/>\nICER: 182223<br \/>\nJAPANPARTS: PA-0090AF<br \/>\nJURID: 573672J<br \/>\nKAWE: 163402<br \/>\nLPR: 05P1976<br \/>\nMAGNETI MARELLI: 323700050800<br \/>\nMAGNETI MARELLI: 363700459084<br \/>\nMAPCO: 6680<br \/>\nMETELLI: 22-1034-0<br \/>\nMEYLE: 025 221 4317<br \/>\nMEYLE: 025 221 4317\/PD<br \/>\nMGA: 1196<br \/>\nMINTEX: MDB3772<br \/>\nNK: 223651<br \/>\nOPEL: 16 05 280<br \/>\nOPEL: 95517028<br \/>\nOPTIMAL: 12696<br \/>\nOPTIMAL: BP-12696<br \/>\nPAGID: T2449<br \/>\nREMSA: 163402<br \/>\nREMY: RAP1246<br \/>\nROADHOUSE: 2163402<br \/>\nTEXTAR: 2214301<br \/>\nTRISCAN: 8110 24049<br \/>\nVALEO: 601482<br \/>\nWOKING: P1734302<br \/>\nsbs: 1501223651<\/p>","protected":false},"excerpt":{"rendered":"<p>Numery producenta GDB2099 Numery OE A.B.S.: P59084 AISIN: BPOP-1023 AKRON-MAL\u00d2: 1051249 APEC: PAD2062 APEC: PD3383 ATE: 13.0460-7310.2 BOSCH: 0 986 494 824 BREMBO: P 59 084 BREMBO: P59084N DELPHI: LP3163 FERODO: FDB4866 FREMAX: FBP-0018 GIRLING: 6120992 HELLA: 8DB 355 023-261 HELLA PAGID: 8DB 355 023-261 ICER: 182223 JAPANPARTS: PA-0090AF JURID: 573672J KAWE: 163402 LPR: 05P1976 [&hellip;]<\/p>\n","protected":false},"featured_media":18661,"template":"","meta":{"_monsterinsights_skip_tracking":false,"_monsterinsights_sitenote_active":false,"_monsterinsights_sitenote_note":"","_monsterinsights_sitenote_category":0},"product_brand":[],"product_cat":[149],"product_tag":[],"class_list":{"0":"post-8382","1":"product","2":"type-product","3":"status-publish","4":"has-post-thumbnail","6":"product_cat-klocki-hamulcowe","8":"first","9":"instock","10":"taxable","11":"shipping-taxable","12":"purchasable","13":"product-type-simple"},"_links":{"self":[{"href":"https:\/\/dev.niezawodneczesci.pl\/sk\/wp-json\/wp\/v2\/product\/8382","targetHints":{"allow":["GET"]}}],"collection":[{"href":"https:\/\/dev.niezawodneczesci.pl\/sk\/wp-json\/wp\/v2\/product"}],"about":[{"href":"https:\/\/dev.niezawodneczesci.pl\/sk\/wp-json\/wp\/v2\/types\/product"}],"version-history":[{"count":1,"href":"https:\/\/dev.niezawodneczesci.pl\/sk\/wp-json\/wp\/v2\/product\/8382\/revisions"}],"predecessor-version":[{"id":25663,"href":"https:\/\/dev.niezawodneczesci.pl\/sk\/wp-json\/wp\/v2\/product\/8382\/revisions\/25663"}],"wp:featuredmedia":[{"embeddable":true,"href":"https:\/\/dev.niezawodneczesci.pl\/sk\/wp-json\/wp\/v2\/media\/18661"}],"wp:attachment":[{"href":"https:\/\/dev.niezawodneczesci.pl\/sk\/wp-json\/wp\/v2\/media?parent=8382"}],"wp:term":[{"taxonomy":"product_brand","embeddable":true,"href":"https:\/\/dev.niezawodneczesci.pl\/sk\/wp-json\/wp\/v2\/product_brand?post=8382"},{"taxonomy":"product_cat","embeddable":true,"href":"https:\/\/dev.niezawodneczesci.pl\/sk\/wp-json\/wp\/v2\/product_cat?post=8382"},{"taxonomy":"product_tag","embeddable":true,"href":"https:\/\/dev.niezawodneczesci.pl\/sk\/wp-json\/wp\/v2\/product_tag?post=8382"}],"curies":[{"name":"wp","href":"https:\/\/api.w.org\/{rel}","templated":true}]}}