{"id":8384,"date":"2021-10-12T12:34:32","date_gmt":"2021-10-12T10:31:35","guid":{"rendered":"https:\/\/niezawodneczesci.pl\/\/?post_type=product&#038;p=8384"},"modified":"2026-04-24T01:04:44","modified_gmt":"2026-04-23T23:04:44","slug":"klocki-hamulcowe-gdb1910-opel-renault","status":"publish","type":"product","link":"https:\/\/dev.niezawodneczesci.pl\/sk\/produkt\/klocki-hamulcowe-gdb1910-opel-renault\/","title":{"rendered":"BRZDOV\u00c9 DESTI\u010cKY SUNRICH PREDN\u00c9 SR0829.02-1910"},"content":{"rendered":"<p>Numer WVA<br \/>\n25147<br \/>\n25165<\/p>\n<p>\u010c\u00edsla v\u00fdrobcov<br \/>\nGDB1910<\/p>\n<p>OE \u010d\u00edsla<br \/>\nACDelco: AC0581579D<br \/>\nATE: 13046048562<br \/>\nBENDIX: 573357B<br \/>\nBLUE PRINT: ADN142156<br \/>\nBORG &amp; BECK: BBP2266<br \/>\nBOSCH: 0 986 494 498<br \/>\nBOSCH: 0 986 TB3 142<br \/>\nBREMBO: P68062<br \/>\nBREMBO: P68062N<br \/>\nBrake ENGINEERING: PA1935<br \/>\nCIFAM: 8228980<br \/>\nDELPHI: LP2190<br \/>\nDON: MDB3093<br \/>\nFEBI BILSTEIN: 16845<br \/>\nFERODO: FVR4347<br \/>\nFTE: BL2172A1<br \/>\nGALFER: 20905<br \/>\nGIRLING: 6119109<br \/>\nHELLA: 8DB 355 015-291<br \/>\nHELLA PAGID: 8DB 355 015-291<br \/>\nICER: 141999<br \/>\nJURID: 572650J<br \/>\nJURID: 573357J<br \/>\nLPR: 05P1579<br \/>\nMETELLI: 2208980<br \/>\nMEYLE: 025 251 4718\/PD<br \/>\nMEYLE: 025 251 4718\/W<br \/>\nNECTO: FD7508V<br \/>\nNISSAN: 41060-00Q0L<br \/>\nNISSAN: 41060-00Q1E<br \/>\nNISSAN: 41060-1061R<br \/>\nNK: 223966<br \/>\nOPEL: 44 19 950<br \/>\nOPEL: 93167551<br \/>\nOPEL: 95522278<br \/>\nOPTIMAL: 12419<br \/>\nOPTIMAL: BP-12419<br \/>\nPAGID: T1969<br \/>\nREMSA: 065112<br \/>\nREMSA: 1449 01<br \/>\nREMY: RAP1325<br \/>\nRENAULT: 41 06 010 61R<br \/>\nRENAULT: 41 06 028 89R<br \/>\nRENAULT: 41 06 043 86R<br \/>\nROADHOUSE: 2144901<br \/>\nSWAG: 60916845<br \/>\nTEXTAR: 2514701<br \/>\nTRISCAN: 811010585<br \/>\nVALEO: 601150<br \/>\nVALEO: 872147<br \/>\nWAGNER: WBP25147A<br \/>\nZIMMERMANN: 251471801<br \/>\nfri.tech.: 9150<\/p>","protected":false},"excerpt":{"rendered":"<p>Numer WVA 25147 25165 Numery producenta GDB1910 Numery OE ACDelco: AC0581579D ATE: 13046048562 BENDIX: 573357B BLUE PRINT: ADN142156 BORG &amp; BECK: BBP2266 BOSCH: 0 986 494 498 BOSCH: 0 986 TB3 142 BREMBO: P68062 BREMBO: P68062N Brake ENGINEERING: PA1935 CIFAM: 8228980 DELPHI: LP2190 DON: MDB3093 FEBI BILSTEIN: 16845 FERODO: FVR4347 FTE: BL2172A1 GALFER: 20905 GIRLING: [&hellip;]<\/p>\n","protected":false},"featured_media":17862,"template":"","meta":{"_monsterinsights_skip_tracking":false,"_monsterinsights_sitenote_active":false,"_monsterinsights_sitenote_note":"","_monsterinsights_sitenote_category":0},"product_brand":[],"product_cat":[149],"product_tag":[],"class_list":{"0":"post-8384","1":"product","2":"type-product","3":"status-publish","4":"has-post-thumbnail","6":"product_cat-klocki-hamulcowe","8":"first","9":"instock","10":"taxable","11":"shipping-taxable","12":"purchasable","13":"product-type-simple"},"_links":{"self":[{"href":"https:\/\/dev.niezawodneczesci.pl\/sk\/wp-json\/wp\/v2\/product\/8384","targetHints":{"allow":["GET"]}}],"collection":[{"href":"https:\/\/dev.niezawodneczesci.pl\/sk\/wp-json\/wp\/v2\/product"}],"about":[{"href":"https:\/\/dev.niezawodneczesci.pl\/sk\/wp-json\/wp\/v2\/types\/product"}],"version-history":[{"count":1,"href":"https:\/\/dev.niezawodneczesci.pl\/sk\/wp-json\/wp\/v2\/product\/8384\/revisions"}],"predecessor-version":[{"id":23919,"href":"https:\/\/dev.niezawodneczesci.pl\/sk\/wp-json\/wp\/v2\/product\/8384\/revisions\/23919"}],"wp:featuredmedia":[{"embeddable":true,"href":"https:\/\/dev.niezawodneczesci.pl\/sk\/wp-json\/wp\/v2\/media\/17862"}],"wp:attachment":[{"href":"https:\/\/dev.niezawodneczesci.pl\/sk\/wp-json\/wp\/v2\/media?parent=8384"}],"wp:term":[{"taxonomy":"product_brand","embeddable":true,"href":"https:\/\/dev.niezawodneczesci.pl\/sk\/wp-json\/wp\/v2\/product_brand?post=8384"},{"taxonomy":"product_cat","embeddable":true,"href":"https:\/\/dev.niezawodneczesci.pl\/sk\/wp-json\/wp\/v2\/product_cat?post=8384"},{"taxonomy":"product_tag","embeddable":true,"href":"https:\/\/dev.niezawodneczesci.pl\/sk\/wp-json\/wp\/v2\/product_tag?post=8384"}],"curies":[{"name":"wp","href":"https:\/\/api.w.org\/{rel}","templated":true}]}}