{"id":8388,"date":"2021-10-12T12:35:18","date_gmt":"2021-10-12T10:32:21","guid":{"rendered":"https:\/\/niezawodneczesci.pl\/\/?post_type=product&#038;p=8388"},"modified":"2026-04-24T01:04:43","modified_gmt":"2026-04-23T23:04:43","slug":"klocki-hamulcowe-sunrich-sr1210-01-2074701","status":"publish","type":"product","link":"https:\/\/dev.niezawodneczesci.pl\/sk\/produkt\/klocki-hamulcowe-sunrich-sr1210-01-2074701\/","title":{"rendered":"BRZDOV\u00c9 DESTI\u010cKY SUNRICH SR1210.01-2074701"},"content":{"rendered":"<p>Numer WVA<br \/>\n20747<\/p>\n<p>\u010c\u00edsla v\u00fdrobcov<br \/>\n2074701<\/p>\n<p>OE \u010d\u00edsla<br \/>\nA.B.S.: 35277<br \/>\nABE: C2M039ABE<br \/>\nAPEC: PAD2248<br \/>\nAPEC: PD3919<br \/>\nBENDIX: 511802<br \/>\nBENDIX Braking: BPD1632<br \/>\nBLUE PRINT: ADBP420057<br \/>\nBORG &amp; BECK: BBP2839<br \/>\nBRECK: 207470070300<br \/>\nBREMBO: P50155<br \/>\nBREMBO: P50155N<br \/>\nBREMSI: BP3848<br \/>\nCAR: PNT4412<br \/>\nCIFAM: 82212750<br \/>\nCOBREQ: N2146<br \/>\nCOBREQ: N2146P<br \/>\nCOMLINE: ADB02762<br \/>\nCOMLINE: CBP02762<br \/>\nDELPHI: LP3549<br \/>\nDON: PCP1778<br \/>\nEUROBRAKE: 55022233101<br \/>\nFEBI BILSTEIN: 175647<br \/>\nFMSI-VERBAND: 9442D2201<br \/>\nFMSI-VERBAND: D2201<br \/>\nFTE: BL2928A1<br \/>\nHELLA PAGID: 355036861<br \/>\nHELLA PAGID: 8DB355036861<br \/>\nHi-Q: SP4438<br \/>\nICER: 142350<br \/>\nJAPANPARTS: PP0535AF<br \/>\nJURATEK: JCP8578<br \/>\nKAVO PARTS: KBP10064<br \/>\nLPR: 05P2144<br \/>\nMERCEDES-BENZ: 9074208101<br \/>\nMERCEDES-BENZ: 9074208600<br \/>\nMERCEDES-BENZ: 9104203600<br \/>\nMERCEDES-BENZ: 9104203700<br \/>\nMERCEDES-BENZ: 9104207300<br \/>\nMERCEDES-BENZ: 9104235600<br \/>\nMERCEDES-BENZ: A9074208101<br \/>\nMERCEDES-BENZ: A9074208600<br \/>\nMERCEDES-BENZ: A9104203600<br \/>\nMERCEDES-BENZ: A9104203700<br \/>\nMERCEDES-BENZ: A9104207300<br \/>\nMERCEDES-BENZ: A9104235600<br \/>\nMETELLI: 2212750<br \/>\nMETZGER: 1170944<br \/>\nMEYLE: 0252074720PD<br \/>\nMINTEX: MDB4191<br \/>\nMOTAQUIP: LVXL2042<br \/>\nNAPA: PBP7746<br \/>\nNK: 2233101<br \/>\nOPTIMAL: BP12825<br \/>\nPAGID: T4184<br \/>\nQUINTON HAZELL: BP1952<br \/>\nR BRAKE: RB2350<br \/>\nRAICAM: RA12750<br \/>\nROADHOUSE: 2186700<br \/>\nSWAG: 33105085<br \/>\nTRUSTING: 12750<br \/>\nVALEO: 302515<br \/>\nVALEO: 671724<br \/>\nVALEO: 872034<br \/>\nWILLTEC: FP1057<br \/>\nWILLTEC: PW1057<br \/>\nWOKING: P1967300<br \/>\nZIMMERMANN: 207472001<br \/>\nfri.tech.: 12750<\/p>","protected":false},"excerpt":{"rendered":"<p>Numer WVA 20747 Numery producenta 2074701 Numery OE A.B.S.: 35277 ABE: C2M039ABE APEC: PAD2248 APEC: PD3919 BENDIX: 511802 BENDIX Braking: BPD1632 BLUE PRINT: ADBP420057 BORG &amp; BECK: BBP2839 BRECK: 207470070300 BREMBO: P50155 BREMBO: P50155N BREMSI: BP3848 CAR: PNT4412 CIFAM: 82212750 COBREQ: N2146 COBREQ: N2146P COMLINE: ADB02762 COMLINE: CBP02762 DELPHI: LP3549 DON: PCP1778 EUROBRAKE: 55022233101 FEBI [&hellip;]<\/p>\n","protected":false},"featured_media":19321,"template":"","meta":{"_monsterinsights_skip_tracking":false,"_monsterinsights_sitenote_active":false,"_monsterinsights_sitenote_note":"","_monsterinsights_sitenote_category":0},"product_brand":[],"product_cat":[149],"product_tag":[],"class_list":{"0":"post-8388","1":"product","2":"type-product","3":"status-publish","4":"has-post-thumbnail","6":"product_cat-klocki-hamulcowe","8":"first","9":"instock","10":"taxable","11":"shipping-taxable","12":"purchasable","13":"product-type-simple"},"_links":{"self":[{"href":"https:\/\/dev.niezawodneczesci.pl\/sk\/wp-json\/wp\/v2\/product\/8388","targetHints":{"allow":["GET"]}}],"collection":[{"href":"https:\/\/dev.niezawodneczesci.pl\/sk\/wp-json\/wp\/v2\/product"}],"about":[{"href":"https:\/\/dev.niezawodneczesci.pl\/sk\/wp-json\/wp\/v2\/types\/product"}],"version-history":[{"count":1,"href":"https:\/\/dev.niezawodneczesci.pl\/sk\/wp-json\/wp\/v2\/product\/8388\/revisions"}],"predecessor-version":[{"id":23705,"href":"https:\/\/dev.niezawodneczesci.pl\/sk\/wp-json\/wp\/v2\/product\/8388\/revisions\/23705"}],"wp:featuredmedia":[{"embeddable":true,"href":"https:\/\/dev.niezawodneczesci.pl\/sk\/wp-json\/wp\/v2\/media\/19321"}],"wp:attachment":[{"href":"https:\/\/dev.niezawodneczesci.pl\/sk\/wp-json\/wp\/v2\/media?parent=8388"}],"wp:term":[{"taxonomy":"product_brand","embeddable":true,"href":"https:\/\/dev.niezawodneczesci.pl\/sk\/wp-json\/wp\/v2\/product_brand?post=8388"},{"taxonomy":"product_cat","embeddable":true,"href":"https:\/\/dev.niezawodneczesci.pl\/sk\/wp-json\/wp\/v2\/product_cat?post=8388"},{"taxonomy":"product_tag","embeddable":true,"href":"https:\/\/dev.niezawodneczesci.pl\/sk\/wp-json\/wp\/v2\/product_tag?post=8388"}],"curies":[{"name":"wp","href":"https:\/\/api.w.org\/{rel}","templated":true}]}}