{"id":8393,"date":"2021-10-12T14:23:26","date_gmt":"2021-10-12T12:20:29","guid":{"rendered":"https:\/\/niezawodneczesci.pl\/\/?post_type=product&#038;p=8393"},"modified":"2026-04-24T01:04:58","modified_gmt":"2026-04-23T23:04:58","slug":"tarcza-hamulcowa-sr-01-2805sl-lh","status":"publish","type":"product","link":"https:\/\/dev.niezawodneczesci.pl\/sk\/produkt\/tarcza-hamulcowa-sr-01-2805sl-lh\/","title":{"rendered":"BRZDOV\u00dd KOT\u00da\u010c SR.01.2805SL-LH"},"content":{"rendered":"<p>\u010c\u00edsla v\u00fdrobcov<br \/>\nDF2805<\/p>\n<p>OE \u010d\u00edsla<br \/>\nA.P.: 14699E<br \/>\nA.P.: X14699<br \/>\nACDelco: AC2255D<br \/>\nAPEC: DSK274<br \/>\nATE: 24010901231<br \/>\nATE: 24030901231<br \/>\nATE: 24110901231<br \/>\nATE: 409123<br \/>\nAUDI: 1J0 615 601<br \/>\nAUDI: 1J0 615 601 C<br \/>\nAUDI: 1J0 615 601 N<br \/>\nAUDI: 1J0 615 601 P<br \/>\nAUDI: 2Q0 615 601 H<br \/>\nBENDIX: 562053B<br \/>\nBENDIX: 562053BC<br \/>\nBLUE PRINT: ADV184302<br \/>\nBLUE PRINT: ADV184325<br \/>\nBORG &amp; BECK: BBD4065<br \/>\nBOSCH: 0 986 478 868<br \/>\nBOSCH: 0 986 479 915<br \/>\nBOSCH: 0 986 AB6 871<br \/>\nBOSCH: 0 986 BB4 359<br \/>\nBOSCH: 986478868<br \/>\nBOSCH: F 026 A01 321<br \/>\nBRADI: 1.5833.5.4<br \/>\nBREMBO: 08.7165.10<br \/>\nBREMBO: 08716514<br \/>\nBREMBO: 0871651X<br \/>\nBREMBO: 08716575<br \/>\nBrake ENGINEERING: DI955639<br \/>\nCAR: 142749<br \/>\nCAR: HPD749<br \/>\nDBA Australia: DBA803<br \/>\nDELPHI: BG3034<br \/>\nDELPHI: BG3034C<br \/>\nDELPHI: BS4753<br \/>\nDELPHI: BS7031<br \/>\nFEBI BILSTEIN: 18488<br \/>\nFEBI BILSTEIN: 21578<br \/>\nFERODO: DDF929<br \/>\nFERODO: DDF9291<br \/>\nFERODO: DDF929C<br \/>\nFERODO: DDF929C1<br \/>\nFERODO: DRF929<br \/>\nFIRST LINE: FBD1001<br \/>\nFTE: BS4753<br \/>\nFTE: BS4753B<br \/>\nFTE: BS7031<br \/>\nGIRLING: 6028054<br \/>\nHELLA: 8DD 355 105-401<br \/>\nHELLA: 8DD 355 105-411<br \/>\nJURID: 562053J<br \/>\nJURID: 562053JC<br \/>\nLEMF\u00d6RDER: 22048 01<br \/>\nLPR: A1441P<br \/>\nLPR: A1441PR<br \/>\nMAGNETI MARELLI: 353615833540<br \/>\nMAGNETI MARELLI: 431602042180<br \/>\nMAPCO: 15837<br \/>\nMETELLI: 230366<br \/>\nMETELLI: 230366C<br \/>\nMETZGER: 14699E<br \/>\nMETZGER: X14699<br \/>\nMEYLE: 115 523 1008<br \/>\nMEYLE: 115 523 1008\/PD<br \/>\nMEYLE: 1155230037<br \/>\nMEYLE: 1155230037PD<br \/>\nMGA: D1166<br \/>\nMINTEX: MDC980<br \/>\nMINTEX: MDK0037<br \/>\nNATIONAL: NBD877<br \/>\nNK: 204761<br \/>\nNK: 314761<br \/>\nOBTEC A\/S: 424238<br \/>\nPAGID: 53955<br \/>\nPAGID: 53955PRO<br \/>\nPEX: 140640<br \/>\nPEX: 140640N<br \/>\nPILENGA: 5255<br \/>\nQH Benelux: 57755<br \/>\nQH Benelux: 57756<br \/>\nQUINTON HAZELL: 826301<br \/>\nQUINTON HAZELL: 826304<br \/>\nQUINTON HAZELL: BDC4753<br \/>\nQUINTON HAZELL: BDC4753BD<br \/>\nQUINTON HAZELL: BSF4753<br \/>\nREMSA: 654700<br \/>\nREMSA: 826301<br \/>\nREMSA: 826304<br \/>\nROADHOUSE: 654700<br \/>\nROADHOUSE: 826301<br \/>\nROADHOUSE: 826304<br \/>\nROULUNDS RUBBER: D2255<br \/>\nRUVILLE: BRR370510<br \/>\nSEAT: 1J0 615 601<br \/>\nSEAT: 1J0 615 601 C<br \/>\nSEAT: 1J0 615 601 N<br \/>\nSEAT: 1J0 615 601 P<br \/>\nSEAT: 2Q0 615 601 H<br \/>\nSEAT: JZW 698 601 AC<br \/>\nSKODA: 1J0 615 601<br \/>\nSKODA: 1J0 615 601 C<br \/>\nSKODA: 1J0 615 601 N<br \/>\nSKODA: 1J0 615 601 P<br \/>\nSKODA: 2Q0 615 601 H<br \/>\nST-TEMPLIN: 0311010340<br \/>\nST-TEMPLIN: 0311010345<br \/>\nSWAG: 30918488<br \/>\nTEXTAR: 92082500<br \/>\nTEXTAR: 92082503<br \/>\nTEXTAR: 92082505<br \/>\nTEXTAR: 98200082501<br \/>\nTRISCAN: 812029148<br \/>\nTRISCAN: 812029148C<br \/>\nTRUSTING: DF149<br \/>\nVALEO: 186597<br \/>\nVALEO: 297597<br \/>\nVW: 1J0 615 601<br \/>\nVW: 1J0 615 601 C<br \/>\nVW: 1J0 615 601 N<br \/>\nVW: 1J0 615 601 P<br \/>\nVW: 2Q0 615 601 H<br \/>\nVW: JZW 698 601 AC<br \/>\nWOKING: P654700<br \/>\nZIMMERMANN: 100123600<br \/>\nZIMMERMANN: 100123620<br \/>\nZIMMERMANN: 100123650<\/p>","protected":false},"excerpt":{"rendered":"<p>Numery producenta DF2805 Numery OE A.P.: 14699E A.P.: X14699 ACDelco: AC2255D APEC: DSK274 ATE: 24010901231 ATE: 24030901231 ATE: 24110901231 ATE: 409123 AUDI: 1J0 615 601 AUDI: 1J0 615 601 C AUDI: 1J0 615 601 N AUDI: 1J0 615 601 P AUDI: 2Q0 615 601 H BENDIX: 562053B BENDIX: 562053BC BLUE PRINT: ADV184302 BLUE PRINT: ADV184325 [&hellip;]<\/p>\n","protected":false},"featured_media":9130,"template":"","meta":{"_monsterinsights_skip_tracking":false,"_monsterinsights_sitenote_active":false,"_monsterinsights_sitenote_note":"","_monsterinsights_sitenote_category":0},"product_brand":[],"product_cat":[146],"product_tag":[],"class_list":{"0":"post-8393","1":"product","2":"type-product","3":"status-publish","4":"has-post-thumbnail","6":"product_cat-tarcze-hamulcowe","8":"first","9":"outofstock","10":"taxable","11":"shipping-taxable","12":"purchasable","13":"product-type-simple"},"_links":{"self":[{"href":"https:\/\/dev.niezawodneczesci.pl\/sk\/wp-json\/wp\/v2\/product\/8393","targetHints":{"allow":["GET"]}}],"collection":[{"href":"https:\/\/dev.niezawodneczesci.pl\/sk\/wp-json\/wp\/v2\/product"}],"about":[{"href":"https:\/\/dev.niezawodneczesci.pl\/sk\/wp-json\/wp\/v2\/types\/product"}],"version-history":[{"count":1,"href":"https:\/\/dev.niezawodneczesci.pl\/sk\/wp-json\/wp\/v2\/product\/8393\/revisions"}],"predecessor-version":[{"id":25657,"href":"https:\/\/dev.niezawodneczesci.pl\/sk\/wp-json\/wp\/v2\/product\/8393\/revisions\/25657"}],"wp:featuredmedia":[{"embeddable":true,"href":"https:\/\/dev.niezawodneczesci.pl\/sk\/wp-json\/wp\/v2\/media\/9130"}],"wp:attachment":[{"href":"https:\/\/dev.niezawodneczesci.pl\/sk\/wp-json\/wp\/v2\/media?parent=8393"}],"wp:term":[{"taxonomy":"product_brand","embeddable":true,"href":"https:\/\/dev.niezawodneczesci.pl\/sk\/wp-json\/wp\/v2\/product_brand?post=8393"},{"taxonomy":"product_cat","embeddable":true,"href":"https:\/\/dev.niezawodneczesci.pl\/sk\/wp-json\/wp\/v2\/product_cat?post=8393"},{"taxonomy":"product_tag","embeddable":true,"href":"https:\/\/dev.niezawodneczesci.pl\/sk\/wp-json\/wp\/v2\/product_tag?post=8393"}],"curies":[{"name":"wp","href":"https:\/\/api.w.org\/{rel}","templated":true}]}}