{"id":8894,"date":"2021-11-10T16:16:47","date_gmt":"2021-11-10T15:13:50","guid":{"rendered":"https:\/\/niezawodneczesci.pl\/\/?post_type=product&#038;p=8894"},"modified":"2026-04-24T01:04:57","modified_gmt":"2026-04-23T23:04:57","slug":"tarcza-hamulcowa-sr-01-4293","status":"publish","type":"product","link":"https:\/\/dev.niezawodneczesci.pl\/sk\/produkt\/tarcza-hamulcowa-sr-01-4293\/","title":{"rendered":"BRZDOV\u00dd KOT\u00da\u010c SR.01.4293"},"content":{"rendered":"<p>\u010c\u00edsla v\u00fdrobcov<br \/>\nDF4293<\/p>\n<p>OE \u010d\u00edsla<br \/>\nA.B.S.: 17368<br \/>\nA.P.: 24846<br \/>\nAPEC: DSK2101<br \/>\nATE: 24012501411<br \/>\nATE: 24032501411<br \/>\nATE: 24112501411<br \/>\nBENDIX: 562216B<br \/>\nBENDIX: 562216BC<br \/>\nBORG &amp; BECK: BBD4318<br \/>\nBOSCH: 0 986 479 107<br \/>\nBOSCH: 0 986 479 946<br \/>\nBOSCH: F 026 A01 126<br \/>\nBREMBO: 09.9165.10<br \/>\nBREMBO: 09916511<br \/>\nBREMBO: 09916575<br \/>\nBREMBO: 09A22210<br \/>\nBREMBO: 09A22211<br \/>\nBrake ENGINEERING: DI956243<br \/>\nCADILLAC: 93171497<br \/>\nCAR: 142031<br \/>\nCAR: HPD031<br \/>\nCHEVROLET: 93171497<br \/>\nDBA Australia: DBA2820<br \/>\nDELPHI: BG3713<br \/>\nDELPHI: BG3713C<br \/>\nDELPHI: BS5412<br \/>\nFEBI BILSTEIN: 23549<br \/>\nFERODO: DDF1191<br \/>\nFERODO: DDF11911<br \/>\nFERODO: DDF1191C<br \/>\nFERODO: DDF1191C1<br \/>\nFERODO: DDF1678<br \/>\nFERODO: DDF16781<br \/>\nFIAT: 46836491<br \/>\nFIAT: 468364910<br \/>\nFIAT: 46844071<br \/>\nFIAT: 51819733<br \/>\nFIRST LINE: FBD1328<br \/>\nFTE: BS5412<br \/>\nFTE: BS5412B<br \/>\nFTE: BS5412HB<br \/>\nHELLA: 8DD 355 109-231<br \/>\nHELLA: 8DD 355 109-241<br \/>\nHELLA: 8DD 355 122-552<br \/>\nHELLA: 8DD 355 127-841<br \/>\nHELLA PAGID: 8DD 355 109-241<br \/>\nHELLA PAGID: 8DD 355 122-552<br \/>\nHELLA PAGID: 8DD 355 127-841<br \/>\nJURID: 562216J<br \/>\nJURID: 562216JC<br \/>\nLEMF\u00d6RDER: 29620 01<br \/>\nLPR: O1009V<br \/>\nLPR: O1009VR<br \/>\nLPR: S1001V<br \/>\nMAGNETI MARELLI: 351344620500<br \/>\nMAPCO: 25708<br \/>\nMAPCO: 257082<br \/>\nMETELLI: 230608<br \/>\nMETELLI: 230608C<br \/>\nMETELLI: 230609<br \/>\nMETZGER: 24846<br \/>\nMETZGER: 24846V<br \/>\nMEYLE: 615 521 6024<br \/>\nMEYLE: 615 521 6024\/PD<br \/>\nMEYLE: 6155210010<br \/>\nMEYLE: 6155210010PD<br \/>\nMGA: D1447<br \/>\nMINTEX: MDC1632<br \/>\nMINTEX: MDK0193<br \/>\nNATIONAL: NBD1168<br \/>\nNK: 203645<br \/>\nNK: 313645<br \/>\nNK: 343645<br \/>\nOPEL: 5 69 003<br \/>\nOPEL: 93171497<br \/>\nOPTIMAL: BS-7908<br \/>\nOPTIMAL: BS-7908C<br \/>\nOPTIMAL: BS-7908HC<br \/>\nPAGID: 54187<br \/>\nPAGID: 54187PRO<br \/>\nPEX: 140774<br \/>\nPILENGA: V764<br \/>\nQH Benelux: 58082<br \/>\nQUINTON HAZELL: 668910<br \/>\nQUINTON HAZELL: BDC5412<br \/>\nQUINTON HAZELL: BSF5412<br \/>\nREMSA: 668910<br \/>\nREMY: RAD1237C<br \/>\nROADHOUSE: 668910<br \/>\nSAAB: 9156807<br \/>\nSAAB: 93171497<br \/>\nST-TEMPLIN: 0311024220<br \/>\nST-TEMPLIN: 0311024225<br \/>\nSWAG: 40923549<br \/>\nTEXTAR: 92118700<br \/>\nTEXTAR: 92118703<br \/>\nTEXTAR: 9820118701<br \/>\nTRISCAN: 812024143<br \/>\nTRISCAN: 812065112<br \/>\nTRUSTING: DF974<br \/>\nVALEO: 186881<br \/>\nWOKING: P668910<br \/>\nZIMMERMANN: 430149800<br \/>\nZIMMERMANN: 430149820<br \/>\nZIMMERMANN: 430149850<br \/>\nZIMMERMANN: 430149852<\/p>","protected":false},"excerpt":{"rendered":"<p>Numery producenta DF4293 Numery OE A.B.S.: 17368 A.P.: 24846 APEC: DSK2101 ATE: 24012501411 ATE: 24032501411 ATE: 24112501411 BENDIX: 562216B BENDIX: 562216BC BORG &amp; BECK: BBD4318 BOSCH: 0 986 479 107 BOSCH: 0 986 479 946 BOSCH: F 026 A01 126 BREMBO: 09.9165.10 BREMBO: 09916511 BREMBO: 09916575 BREMBO: 09A22210 BREMBO: 09A22211 Brake ENGINEERING: DI956243 CADILLAC: 93171497 [&hellip;]<\/p>\n","protected":false},"featured_media":19532,"template":"","meta":{"_monsterinsights_skip_tracking":false,"_monsterinsights_sitenote_active":false,"_monsterinsights_sitenote_note":"","_monsterinsights_sitenote_category":0},"product_brand":[],"product_cat":[146],"product_tag":[],"class_list":{"0":"post-8894","1":"product","2":"type-product","3":"status-publish","4":"has-post-thumbnail","6":"product_cat-tarcze-hamulcowe","8":"first","9":"instock","10":"taxable","11":"shipping-taxable","12":"purchasable","13":"product-type-simple"},"_links":{"self":[{"href":"https:\/\/dev.niezawodneczesci.pl\/sk\/wp-json\/wp\/v2\/product\/8894","targetHints":{"allow":["GET"]}}],"collection":[{"href":"https:\/\/dev.niezawodneczesci.pl\/sk\/wp-json\/wp\/v2\/product"}],"about":[{"href":"https:\/\/dev.niezawodneczesci.pl\/sk\/wp-json\/wp\/v2\/types\/product"}],"version-history":[{"count":1,"href":"https:\/\/dev.niezawodneczesci.pl\/sk\/wp-json\/wp\/v2\/product\/8894\/revisions"}],"predecessor-version":[{"id":25656,"href":"https:\/\/dev.niezawodneczesci.pl\/sk\/wp-json\/wp\/v2\/product\/8894\/revisions\/25656"}],"wp:featuredmedia":[{"embeddable":true,"href":"https:\/\/dev.niezawodneczesci.pl\/sk\/wp-json\/wp\/v2\/media\/19532"}],"wp:attachment":[{"href":"https:\/\/dev.niezawodneczesci.pl\/sk\/wp-json\/wp\/v2\/media?parent=8894"}],"wp:term":[{"taxonomy":"product_brand","embeddable":true,"href":"https:\/\/dev.niezawodneczesci.pl\/sk\/wp-json\/wp\/v2\/product_brand?post=8894"},{"taxonomy":"product_cat","embeddable":true,"href":"https:\/\/dev.niezawodneczesci.pl\/sk\/wp-json\/wp\/v2\/product_cat?post=8894"},{"taxonomy":"product_tag","embeddable":true,"href":"https:\/\/dev.niezawodneczesci.pl\/sk\/wp-json\/wp\/v2\/product_tag?post=8894"}],"curies":[{"name":"wp","href":"https:\/\/api.w.org\/{rel}","templated":true}]}}