{"id":8896,"date":"2021-11-10T16:17:04","date_gmt":"2021-11-10T15:14:07","guid":{"rendered":"https:\/\/niezawodneczesci.pl\/\/?post_type=product&#038;p=8896"},"modified":"2026-04-24T01:04:56","modified_gmt":"2026-04-23T23:04:56","slug":"tarcza-hamulcowa-sr-01-4866s","status":"publish","type":"product","link":"https:\/\/dev.niezawodneczesci.pl\/sk\/produkt\/tarcza-hamulcowa-sr-01-4866s\/","title":{"rendered":"BRZDOV\u00dd KOT\u00da\u010c SR.01.4866S"},"content":{"rendered":"<p>\u010c\u00edsla v\u00fdrobcov<br \/>\nDF4866S<\/p>\n<p>OE \u010d\u00edsla<br \/>\nAPEC: DSK2657<br \/>\nATE: 24.0325-0184.1<br \/>\nATE: 24012501841<br \/>\nAUDI: 8K0 615 301<br \/>\nAUDI: 8W0 615 301 G<br \/>\nAUDI: 8W0 615 301 T<br \/>\nBENDIX: 562466B<br \/>\nBLUE PRINT: ADV184313<br \/>\nBORG &amp; BECK: BBD4689<br \/>\nBOSCH: 0 986 479 467<br \/>\nBOSCH: 0 986 AB6 738<br \/>\nBREMBO: 09A82010<br \/>\nBREMBO: 09A82011<br \/>\nBREMBO: 09A8201X<br \/>\nCAR: 1421507<br \/>\nCAR: HPD1507<br \/>\nDELPHI: BG4079<br \/>\nDELPHI: BG4079C<br \/>\nFEBI BILSTEIN: 36232<br \/>\nFERODO: DDF1663<br \/>\nFERODO: DDF1663C<br \/>\nFERODO: DDF1663C-1-D<br \/>\nFERODO: DDF1663C1<br \/>\nFERODO: DDF1663DLC-1-D<br \/>\nFERODO: DDF1663DRC-1-D<br \/>\nFIRST LINE: FBD1772<br \/>\nFTE: BS7214<br \/>\nFTE: BS7214B<br \/>\nFTE: BS7214HB<br \/>\nHELLA: 8DD 355 113-881<br \/>\nHELLA: 8DD 355 123-931<br \/>\nHELLA: 8DD 355 128-711<br \/>\nHELLA PAGID: 8DD 355 113-881<br \/>\nHELLA PAGID: 8DD 355 123-931<br \/>\nHELLA PAGID: 8DD 355 128-711<br \/>\nJURID: 562466J<br \/>\nLPR: A1037V<br \/>\nLPR: A1037VR<br \/>\nMAGNETI MARELLI: 360704026000<br \/>\nMETELLI: 230917C<br \/>\nMEYLE: 115 521 0001\/PD<br \/>\nMEYLE: 1835210001PD<br \/>\nNK: 2047132<br \/>\nNK: 3147132<br \/>\nOPTIMAL: BS-8506<br \/>\nOPTIMAL: BS-8506HC<br \/>\nPAGID: 54599PRO<br \/>\nPILENGA: V981<br \/>\nQUINTON HAZELL: BDC5709<br \/>\nQUINTON HAZELL: BSF5709<br \/>\nREMSA: 6129210<br \/>\nREMY: RAD1068C<br \/>\nSKODA: 8K0 615 301<br \/>\nST-TEMPLIN: 0311010670<br \/>\nST-TEMPLIN: 0311010675<br \/>\nSWAG: 30221209<br \/>\nSWAG: 30936232<br \/>\nTEXTAR: 92159900<br \/>\nTEXTAR: 92159903<br \/>\nTEXTAR: 92159905<br \/>\nTRISCAN: 8120291016<br \/>\nTRISCAN: 8120291016C<br \/>\nTRUSTING: DF1334<br \/>\nVALEO: 196025<br \/>\nVALEO: 197213<br \/>\nVW: 8K0 615 301<br \/>\nVW: 8W0 615 301 T<br \/>\nZIMMERMANN: 100333020<br \/>\nsbs: 18152047132<\/p>","protected":false},"excerpt":{"rendered":"<p>Numery producenta DF4866S Numery OE APEC: DSK2657 ATE: 24.0325-0184.1 ATE: 24012501841 AUDI: 8K0 615 301 AUDI: 8W0 615 301 G AUDI: 8W0 615 301 T BENDIX: 562466B BLUE PRINT: ADV184313 BORG &amp; BECK: BBD4689 BOSCH: 0 986 479 467 BOSCH: 0 986 AB6 738 BREMBO: 09A82010 BREMBO: 09A82011 BREMBO: 09A8201X CAR: 1421507 CAR: HPD1507 DELPHI: [&hellip;]<\/p>\n","protected":false},"featured_media":19550,"template":"","meta":{"_monsterinsights_skip_tracking":false,"_monsterinsights_sitenote_active":false,"_monsterinsights_sitenote_note":"","_monsterinsights_sitenote_category":0},"product_brand":[],"product_cat":[146],"product_tag":[],"class_list":{"0":"post-8896","1":"product","2":"type-product","3":"status-publish","4":"has-post-thumbnail","6":"product_cat-tarcze-hamulcowe","8":"first","9":"instock","10":"taxable","11":"shipping-taxable","12":"purchasable","13":"product-type-simple"},"_links":{"self":[{"href":"https:\/\/dev.niezawodneczesci.pl\/sk\/wp-json\/wp\/v2\/product\/8896","targetHints":{"allow":["GET"]}}],"collection":[{"href":"https:\/\/dev.niezawodneczesci.pl\/sk\/wp-json\/wp\/v2\/product"}],"about":[{"href":"https:\/\/dev.niezawodneczesci.pl\/sk\/wp-json\/wp\/v2\/types\/product"}],"version-history":[{"count":1,"href":"https:\/\/dev.niezawodneczesci.pl\/sk\/wp-json\/wp\/v2\/product\/8896\/revisions"}],"predecessor-version":[{"id":25654,"href":"https:\/\/dev.niezawodneczesci.pl\/sk\/wp-json\/wp\/v2\/product\/8896\/revisions\/25654"}],"wp:featuredmedia":[{"embeddable":true,"href":"https:\/\/dev.niezawodneczesci.pl\/sk\/wp-json\/wp\/v2\/media\/19550"}],"wp:attachment":[{"href":"https:\/\/dev.niezawodneczesci.pl\/sk\/wp-json\/wp\/v2\/media?parent=8896"}],"wp:term":[{"taxonomy":"product_brand","embeddable":true,"href":"https:\/\/dev.niezawodneczesci.pl\/sk\/wp-json\/wp\/v2\/product_brand?post=8896"},{"taxonomy":"product_cat","embeddable":true,"href":"https:\/\/dev.niezawodneczesci.pl\/sk\/wp-json\/wp\/v2\/product_cat?post=8896"},{"taxonomy":"product_tag","embeddable":true,"href":"https:\/\/dev.niezawodneczesci.pl\/sk\/wp-json\/wp\/v2\/product_tag?post=8896"}],"curies":[{"name":"wp","href":"https:\/\/api.w.org\/{rel}","templated":true}]}}