{"id":9198,"date":"2021-12-16T14:46:14","date_gmt":"2021-12-16T13:42:34","guid":{"rendered":"https:\/\/niezawodneczesci.pl\/\/?post_type=product&#038;p=9198"},"modified":"2026-04-24T01:04:57","modified_gmt":"2026-04-23T23:04:57","slug":"tarcza-hamulcowa-sr-01-4360","status":"publish","type":"product","link":"https:\/\/dev.niezawodneczesci.pl\/sk\/produkt\/tarcza-hamulcowa-sr-01-4360\/","title":{"rendered":"BRZDOV\u00dd KOT\u00da\u010c SR.01.4360"},"content":{"rendered":"<p>\u010c\u00edsla v\u00fdrobcov<br \/>\nDF4360<\/p>\n<p>OE \u010d\u00edsla<br \/>\nA.B.S.: 17533<br \/>\nAPEC: DSK2245<br \/>\nATE: 24.0120-0183.1<br \/>\nATE: 24032001831<br \/>\nATE: 24112001831<br \/>\nBENDIX: 562319B<br \/>\nBENDIX: 562319BC<br \/>\nBMW: 34 21 6 753 215<br \/>\nBMW: 34 21 6 772 085<br \/>\nBMW: 34 21 6 864 061<br \/>\nBMW: 6 753 215<br \/>\nBMW: 6 772 085<br \/>\nBMW: 6 864 061<br \/>\nBORG &amp; BECK: BBD4408<br \/>\nBOSCH: 0 986 479 056<br \/>\nBOSCH: 0 986 AB6 409<br \/>\nBOSCH: 0 986 AB9 983<br \/>\nBOSCH: 0986AB5945<br \/>\nBOSCH: 986479056<br \/>\nBOSCH: F 026 A06 375<br \/>\nBREMBO: 09.9425.10<br \/>\nBREMBO: 09942511<br \/>\nBREMBO: 09942575<br \/>\nBREMBO: 9942510<br \/>\nBrake ENGINEERING: DI956262<br \/>\nCAR: 1421067<br \/>\nCAR: HPD1067<br \/>\nDELPHI: BG3872<br \/>\nFEBI BILSTEIN: 24344<br \/>\nFERODO: DDF1260<br \/>\nFERODO: DDF1260C<br \/>\nFERODO: DDF1260C1<br \/>\nFTE: BS5459<br \/>\nFTE: BS5459HB<br \/>\nGIRLING: 6043602<br \/>\nHELLA: 8DD 355 109-931<br \/>\nHELLA: 8DD 355 109-941<br \/>\nHELLA: 8DD 355 122-642<br \/>\nHELLA: 8DD 355 124-571<br \/>\nHELLA: 8DD 355 128-121<br \/>\nHELLA PAGID: 8DD 355 109-941<br \/>\nHELLA PAGID: 8DD 355 122-642<br \/>\nHELLA PAGID: 8DD 355 124-571<br \/>\nHELLA PAGID: 8DD 355 128-121<br \/>\nJURID: 562319J<br \/>\nJURID: 562319JC<br \/>\nLEMF\u00d6RDER: 30819 01<br \/>\nLPR: B2016V<br \/>\nMAGNETI MARELLI: 351067160500<br \/>\nMAGNETI MARELLI: 360704027200<br \/>\nMETELLI: 230815C<br \/>\nMETZGER: 24926<br \/>\nMETZGER: 24926V<br \/>\nMEYLE: 315 523 3062<br \/>\nMEYLE: 315 523 3062\/PD<br \/>\nMEYLE: 3155230047<br \/>\nMEYLE: 3155230047PD<br \/>\nMGA: D1520<br \/>\nMINTEX: MDC1660<br \/>\nNATIONAL: NBD1264<br \/>\nNK: 201561<br \/>\nNK: 311561<br \/>\nOPTIMAL: BS-7576<br \/>\nOPTIMAL: BS-7576C<br \/>\nPAGID: 54227<br \/>\nPAGID: 54227PRO<br \/>\nPEX: 140798<br \/>\nPILENGA: V812<br \/>\nQH Benelux: 58163<br \/>\nQUINTON HAZELL: 665410<br \/>\nQUINTON HAZELL: BDC5459<br \/>\nQUINTON HAZELL: BSF5459<br \/>\nREMSA: 665410<br \/>\nREMY: RAD1308C<br \/>\nROADHOUSE: 665410<br \/>\nST-TEMPLIN: 0311012210<br \/>\nST-TEMPLIN: 0311012215<br \/>\nSWAG: 20924344<br \/>\nTEXTAR: 92122700<br \/>\nTEXTAR: 92122703<br \/>\nTEXTAR: 92122705<br \/>\nTEXTAR: 98200122701<br \/>\nTRISCAN: 812011157<br \/>\nTRISCAN: 812011157C<br \/>\nTRUCKTEC AUTOMOTIVE: 0834080<br \/>\nTRUSTING: DF074<br \/>\nVAICO: V20-80056<br \/>\nVALEO: 196051<br \/>\nVALEO: 197319<br \/>\nWOKING: P665410<br \/>\nZIMMERMANN: 150.3405.00<br \/>\nZIMMERMANN: 150340520<br \/>\nZIMMERMANN: 150340550<br \/>\nZIMMERMANN: 150340552<\/p>","protected":false},"excerpt":{"rendered":"<p>Numery producenta DF4360 Numery OE A.B.S.: 17533 APEC: DSK2245 ATE: 24.0120-0183.1 ATE: 24032001831 ATE: 24112001831 BENDIX: 562319B BENDIX: 562319BC BMW: 34 21 6 753 215 BMW: 34 21 6 772 085 BMW: 34 21 6 864 061 BMW: 6 753 215 BMW: 6 772 085 BMW: 6 864 061 BORG &amp; BECK: BBD4408 BOSCH: 0 [&hellip;]<\/p>\n","protected":false},"featured_media":19590,"template":"","meta":{"_monsterinsights_skip_tracking":false,"_monsterinsights_sitenote_active":false,"_monsterinsights_sitenote_note":"","_monsterinsights_sitenote_category":0},"product_brand":[],"product_cat":[146],"product_tag":[],"class_list":{"0":"post-9198","1":"product","2":"type-product","3":"status-publish","4":"has-post-thumbnail","6":"product_cat-tarcze-hamulcowe","8":"first","9":"instock","10":"taxable","11":"shipping-taxable","12":"purchasable","13":"product-type-simple"},"_links":{"self":[{"href":"https:\/\/dev.niezawodneczesci.pl\/sk\/wp-json\/wp\/v2\/product\/9198","targetHints":{"allow":["GET"]}}],"collection":[{"href":"https:\/\/dev.niezawodneczesci.pl\/sk\/wp-json\/wp\/v2\/product"}],"about":[{"href":"https:\/\/dev.niezawodneczesci.pl\/sk\/wp-json\/wp\/v2\/types\/product"}],"version-history":[{"count":1,"href":"https:\/\/dev.niezawodneczesci.pl\/sk\/wp-json\/wp\/v2\/product\/9198\/revisions"}],"predecessor-version":[{"id":25647,"href":"https:\/\/dev.niezawodneczesci.pl\/sk\/wp-json\/wp\/v2\/product\/9198\/revisions\/25647"}],"wp:featuredmedia":[{"embeddable":true,"href":"https:\/\/dev.niezawodneczesci.pl\/sk\/wp-json\/wp\/v2\/media\/19590"}],"wp:attachment":[{"href":"https:\/\/dev.niezawodneczesci.pl\/sk\/wp-json\/wp\/v2\/media?parent=9198"}],"wp:term":[{"taxonomy":"product_brand","embeddable":true,"href":"https:\/\/dev.niezawodneczesci.pl\/sk\/wp-json\/wp\/v2\/product_brand?post=9198"},{"taxonomy":"product_cat","embeddable":true,"href":"https:\/\/dev.niezawodneczesci.pl\/sk\/wp-json\/wp\/v2\/product_cat?post=9198"},{"taxonomy":"product_tag","embeddable":true,"href":"https:\/\/dev.niezawodneczesci.pl\/sk\/wp-json\/wp\/v2\/product_tag?post=9198"}],"curies":[{"name":"wp","href":"https:\/\/api.w.org\/{rel}","templated":true}]}}