{"id":9200,"date":"2021-12-16T14:46:26","date_gmt":"2021-12-16T13:46:26","guid":{"rendered":"https:\/\/niezawodneczesci.pl\/\/?post_type=product&#038;p=9200"},"modified":"2026-04-24T01:04:57","modified_gmt":"2026-04-23T23:04:57","slug":"tarcza-hamulcowa-sr-01-4766","status":"publish","type":"product","link":"https:\/\/dev.niezawodneczesci.pl\/sk\/produkt\/tarcza-hamulcowa-sr-01-4766\/","title":{"rendered":"BRZDOV\u00dd KOT\u00da\u010c SR.01.4766"},"content":{"rendered":"<p>\u010c\u00edsla v\u00fdrobcov<br \/>\nDF4776<\/p>\n<p>OE \u010d\u00edsla<br \/>\nA.B.S.: 08.A816.11<br \/>\nA.B.S.: 17863<br \/>\nA.P.: 14976<br \/>\nA.P.: 14976 V<br \/>\nAKEBONO: BN-0550<br \/>\nAKEBONO: BN-0550E<br \/>\nAKRON-MAL\u00d2: 1110260<br \/>\nAPEC: DSK2290<br \/>\nAPEC: DSK2854<br \/>\nATE: 24011201761<br \/>\nAUDI: 4F0 615 601 G<br \/>\nBENDIX: 562504BC<br \/>\nBLUE PRINT: ADV1843117<br \/>\nBORG &amp; BECK: BBD5193<br \/>\nBOSCH: 0 986 479 458<br \/>\nBREMBO: 08A81610<br \/>\nBREMBO: 08A81611<br \/>\nBrake ENGINEERING: DI956666<br \/>\nCAR: 1421432<br \/>\nDELPHI: BG4088<br \/>\nFEBI BILSTEIN: 43873<br \/>\nFERODO: DDF1850<br \/>\nFERODO: DDF1850C<br \/>\nFERODO: DDF1850C1<br \/>\nFTE: BS7710<br \/>\nFTE: BS7710B<br \/>\nHELLA: 8DD 355 117-841<br \/>\nHELLA: 8DD 355 129-341<br \/>\nHELLA PAGID: 8DD 355 129-341<br \/>\nJURID: 562504JC<br \/>\nKAWE: 61207 00<br \/>\nLPR: A1041P<br \/>\nMAGNETI MARELLI: 360406078700<br \/>\nMAGNETI MARELLI: 360406078701<br \/>\nMAPCO: 25878<br \/>\nMETELLI: 230875C<br \/>\nMETZGER: 6110778<br \/>\nMGA: D1897<br \/>\nMINTEX: MDC2281<br \/>\nNK: 2047148<br \/>\nNK: 3147148<br \/>\nOPEN PARTS: BDR2442.10<br \/>\nOPTIMAL: BS-8718<br \/>\nOPTIMAL: BS-8718C<br \/>\nPAGID: 54595<br \/>\nPAGID: 65004<br \/>\nRAICAM: RD01208<br \/>\nREMSA: 6120700<br \/>\nREMY: RAD2169C<br \/>\nROADHOUSE: 61207.00<br \/>\nSWAG: 30 94 3873<br \/>\nTEXTAR: 92159503<br \/>\nTEXTAR: 92159510<br \/>\nTRISCAN: 8120291045<br \/>\nTRISCAN: 8120291045C<br \/>\nTRUSTING: DF1318<br \/>\nVAICO: V10-40085<br \/>\nWOKING: D61207.00<br \/>\nZIMMERMANN: 100333520<br \/>\nsbs: 18152047148<br \/>\nsbs: 18153147148<\/p>","protected":false},"excerpt":{"rendered":"<p>Numery producenta DF4776 Numery OE A.B.S.: 08.A816.11 A.B.S.: 17863 A.P.: 14976 A.P.: 14976 V AKEBONO: BN-0550 AKEBONO: BN-0550E AKRON-MAL\u00d2: 1110260 APEC: DSK2290 APEC: DSK2854 ATE: 24011201761 AUDI: 4F0 615 601 G BENDIX: 562504BC BLUE PRINT: ADV1843117 BORG &amp; BECK: BBD5193 BOSCH: 0 986 479 458 BREMBO: 08A81610 BREMBO: 08A81611 Brake ENGINEERING: DI956666 CAR: 1421432 DELPHI: [&hellip;]<\/p>\n","protected":false},"featured_media":19603,"template":"","meta":{"_monsterinsights_skip_tracking":false,"_monsterinsights_sitenote_active":false,"_monsterinsights_sitenote_note":"","_monsterinsights_sitenote_category":0},"product_brand":[],"product_cat":[146],"product_tag":[],"class_list":{"0":"post-9200","1":"product","2":"type-product","3":"status-publish","4":"has-post-thumbnail","6":"product_cat-tarcze-hamulcowe","8":"first","9":"outofstock","10":"taxable","11":"shipping-taxable","12":"purchasable","13":"product-type-simple"},"_links":{"self":[{"href":"https:\/\/dev.niezawodneczesci.pl\/sk\/wp-json\/wp\/v2\/product\/9200","targetHints":{"allow":["GET"]}}],"collection":[{"href":"https:\/\/dev.niezawodneczesci.pl\/sk\/wp-json\/wp\/v2\/product"}],"about":[{"href":"https:\/\/dev.niezawodneczesci.pl\/sk\/wp-json\/wp\/v2\/types\/product"}],"version-history":[{"count":1,"href":"https:\/\/dev.niezawodneczesci.pl\/sk\/wp-json\/wp\/v2\/product\/9200\/revisions"}],"predecessor-version":[{"id":25645,"href":"https:\/\/dev.niezawodneczesci.pl\/sk\/wp-json\/wp\/v2\/product\/9200\/revisions\/25645"}],"wp:featuredmedia":[{"embeddable":true,"href":"https:\/\/dev.niezawodneczesci.pl\/sk\/wp-json\/wp\/v2\/media\/19603"}],"wp:attachment":[{"href":"https:\/\/dev.niezawodneczesci.pl\/sk\/wp-json\/wp\/v2\/media?parent=9200"}],"wp:term":[{"taxonomy":"product_brand","embeddable":true,"href":"https:\/\/dev.niezawodneczesci.pl\/sk\/wp-json\/wp\/v2\/product_brand?post=9200"},{"taxonomy":"product_cat","embeddable":true,"href":"https:\/\/dev.niezawodneczesci.pl\/sk\/wp-json\/wp\/v2\/product_cat?post=9200"},{"taxonomy":"product_tag","embeddable":true,"href":"https:\/\/dev.niezawodneczesci.pl\/sk\/wp-json\/wp\/v2\/product_tag?post=9200"}],"curies":[{"name":"wp","href":"https:\/\/api.w.org\/{rel}","templated":true}]}}