{"id":9201,"date":"2021-12-16T14:46:27","date_gmt":"2021-12-16T13:42:47","guid":{"rendered":"https:\/\/niezawodneczesci.pl\/\/?post_type=product&#038;p=9201"},"modified":"2026-04-24T01:04:56","modified_gmt":"2026-04-23T23:04:56","slug":"tarcza-hamulcowa-sr-01-4814","status":"publish","type":"product","link":"https:\/\/dev.niezawodneczesci.pl\/sk\/produkt\/tarcza-hamulcowa-sr-01-4814\/","title":{"rendered":"BRZDOV\u00dd KOT\u00da\u010c SR.01.4814"},"content":{"rendered":"<p>\u010c\u00edsla v\u00fdrobcov<br \/>\nDF4814<\/p>\n<p>OE \u010d\u00edsla<br \/>\nA.B.S.: 09.A451.10<br \/>\nA.B.S.: 16022<br \/>\nA.P.: 25142<br \/>\nAKEBONO: BN-1054<br \/>\nAKEBONO: BN-1054E<br \/>\nAPEC: DSK341<br \/>\nASHUKI by Palidium: N013-91<br \/>\nATE: 24011801361<br \/>\nBENDIX: 562223B<br \/>\nBENDIX: 562223BC<br \/>\nBLUE PRINT: ADN14378<br \/>\nBORG &amp; BECK: BBD4199<br \/>\nBOSCH: 0 986 479 385<br \/>\nBOSCH: 0 986 479 S87<br \/>\nBOSCH: F 026 A00 922<br \/>\nBREMBO: 09A45110<br \/>\nBrake ENGINEERING: DI955667<br \/>\nCAR: 142043<br \/>\nCAR: HPD043<br \/>\nDELPHI: BG3117<br \/>\nDON: PCD15582<br \/>\nFEBI BILSTEIN: 108519<br \/>\nFERODO: DDF976<br \/>\nFERODO: DDF9761<br \/>\nFIRST LINE: FBD1185<br \/>\nFTE: BS4830<br \/>\nHELLA: 8DD 355 110-831<br \/>\nHELLA PAGID: 8DD 355 110-831<br \/>\nHERTH+BUSS JAKOPARTS: J3311016<br \/>\nJAPANPARTS: DP-116<br \/>\nJURID: 562223J<br \/>\nJURID: 562223JC<br \/>\nLPR: N2804V<br \/>\nMAGNETI MARELLI: 360406072200<br \/>\nMAGNETI MARELLI: 600000090220<br \/>\nMAPCO: 45521<br \/>\nMETELLI: 23-0679<br \/>\nMETZGER: 1328464<br \/>\nMEYLE: 36-15 523 0039<br \/>\nMINTEX: MDC1298<br \/>\nNISSAN: 43206-05J03<br \/>\nNISSAN: 43206-05J04<br \/>\nNISSAN: 43206-VB000<br \/>\nNK: 202255<br \/>\nNK: 312255<br \/>\nOPEN PARTS: BDA1884.20<br \/>\nOPEN PARTS: BDR1884.20<br \/>\nOPTIMAL: BS-7902<br \/>\nOPTIMAL: BS-7902C<br \/>\nPAGID: 54299<br \/>\nPEX: 140711<br \/>\nQH Benelux: 53946<br \/>\nQUINTON HAZELL: BDC4830<br \/>\nQUINTON HAZELL: BSF4830<br \/>\nREMSA: 692610<br \/>\nREMY: RAD2166C<br \/>\nTEXTAR: 92129900<br \/>\nTRISCAN: 812014162<br \/>\nTRUSTING: DF798<br \/>\nVALEO: 197552<br \/>\nsbs: 1815202255<\/p>","protected":false},"excerpt":{"rendered":"<p>Numery producenta DF4814 Numery OE A.B.S.: 09.A451.10 A.B.S.: 16022 A.P.: 25142 AKEBONO: BN-1054 AKEBONO: BN-1054E APEC: DSK341 ASHUKI by Palidium: N013-91 ATE: 24011801361 BENDIX: 562223B BENDIX: 562223BC BLUE PRINT: ADN14378 BORG &amp; BECK: BBD4199 BOSCH: 0 986 479 385 BOSCH: 0 986 479 S87 BOSCH: F 026 A00 922 BREMBO: 09A45110 Brake ENGINEERING: DI955667 CAR: [&hellip;]<\/p>\n","protected":false},"featured_media":19610,"template":"","meta":{"_monsterinsights_skip_tracking":false,"_monsterinsights_sitenote_active":false,"_monsterinsights_sitenote_note":"","_monsterinsights_sitenote_category":0},"product_brand":[],"product_cat":[146],"product_tag":[],"class_list":{"0":"post-9201","1":"product","2":"type-product","3":"status-publish","4":"has-post-thumbnail","6":"product_cat-tarcze-hamulcowe","8":"first","9":"instock","10":"taxable","11":"shipping-taxable","12":"purchasable","13":"product-type-simple"},"_links":{"self":[{"href":"https:\/\/dev.niezawodneczesci.pl\/sk\/wp-json\/wp\/v2\/product\/9201","targetHints":{"allow":["GET"]}}],"collection":[{"href":"https:\/\/dev.niezawodneczesci.pl\/sk\/wp-json\/wp\/v2\/product"}],"about":[{"href":"https:\/\/dev.niezawodneczesci.pl\/sk\/wp-json\/wp\/v2\/types\/product"}],"version-history":[{"count":1,"href":"https:\/\/dev.niezawodneczesci.pl\/sk\/wp-json\/wp\/v2\/product\/9201\/revisions"}],"predecessor-version":[{"id":25644,"href":"https:\/\/dev.niezawodneczesci.pl\/sk\/wp-json\/wp\/v2\/product\/9201\/revisions\/25644"}],"wp:featuredmedia":[{"embeddable":true,"href":"https:\/\/dev.niezawodneczesci.pl\/sk\/wp-json\/wp\/v2\/media\/19610"}],"wp:attachment":[{"href":"https:\/\/dev.niezawodneczesci.pl\/sk\/wp-json\/wp\/v2\/media?parent=9201"}],"wp:term":[{"taxonomy":"product_brand","embeddable":true,"href":"https:\/\/dev.niezawodneczesci.pl\/sk\/wp-json\/wp\/v2\/product_brand?post=9201"},{"taxonomy":"product_cat","embeddable":true,"href":"https:\/\/dev.niezawodneczesci.pl\/sk\/wp-json\/wp\/v2\/product_cat?post=9201"},{"taxonomy":"product_tag","embeddable":true,"href":"https:\/\/dev.niezawodneczesci.pl\/sk\/wp-json\/wp\/v2\/product_tag?post=9201"}],"curies":[{"name":"wp","href":"https:\/\/api.w.org\/{rel}","templated":true}]}}