{"id":9205,"date":"2021-12-16T14:46:43","date_gmt":"2021-12-16T13:43:03","guid":{"rendered":"https:\/\/niezawodneczesci.pl\/\/?post_type=product&#038;p=9205"},"modified":"2026-04-24T01:04:56","modified_gmt":"2026-04-23T23:04:56","slug":"tarcza-hamulcowa-sr-01-7839","status":"publish","type":"product","link":"https:\/\/dev.niezawodneczesci.pl\/sk\/produkt\/tarcza-hamulcowa-sr-01-7839\/","title":{"rendered":"BRZDOV\u00dd KOT\u00da\u010c SR.01.7839"},"content":{"rendered":"<p>\u010c\u00edsla v\u00fdrobcov<br \/>\nDF7839<\/p>\n<p>OE \u010d\u00edsla<br \/>\nA.B.S.: 08.B304.10<br \/>\nA.B.S.: 18198<br \/>\nA.B.S.: 18198OE<br \/>\nA.P.: 15028<br \/>\nABE: C38024ABE<br \/>\nALANKO: 304049<br \/>\nASHUKI by Palidium: K01650<br \/>\nATE: 24011003551<br \/>\nBENDIX: 562780BC<br \/>\nBLUE PRINT: ADK84325<br \/>\nBORG &amp; BECK: BBD5251<br \/>\nBOSCH: 0 986 479 B09<br \/>\nBRECO: BS6020<br \/>\nBREMBO: 08B30410<br \/>\nCAR: 1421632<br \/>\nCIFAM: 8001096<br \/>\nCOMLINE: ADC0933<br \/>\nDELPHI: BG4289<br \/>\nFEBI BILSTEIN: 108403<br \/>\nFERODO: DDF2411C<br \/>\nFREMAX: BD-6968<br \/>\nFTE: BS7752<br \/>\nHELLA: 8DD 355 117-941<br \/>\nHERTH+BUSS JAKOPARTS: J3308015<br \/>\nJURID: 562780JC<br \/>\nKAVO PARTS: BR8734<br \/>\nKAVO PARTS: BR8734C<br \/>\nKAWE: 6149000<br \/>\nLPR: S5016P<br \/>\nMAXTECH: 8635190000<br \/>\nMETELLI: 231096<br \/>\nMETZGER: 6110685<br \/>\nMETZGER: 6149000<br \/>\nMEYLE: 33-15 521 0000<br \/>\nMGA: D1928<br \/>\nMINTEX: MDC2337<br \/>\nNATIONAL: NBD1794<br \/>\nNIPPARTS: N3308026<br \/>\nNK: 205230<br \/>\nOPEN PARTS: BDA270710<br \/>\nPILENGA: 5557<br \/>\nREMSA: 6149000<br \/>\nREMY: RAD1503C<br \/>\nROADHOUSE: 6149000<br \/>\nSUZUKI: 55211-76J00<br \/>\nSUZUKI: 55211-76J01<br \/>\nSUZUKI: 55211-76J02<br \/>\nTEXTAR: 92237300<br \/>\nTRISCAN: 812069133<br \/>\nTRISCAN: 812069133C<br \/>\nTRUSTING: DF1498<br \/>\nWOKING: D6149000<br \/>\nfri.tech.: BD1498<br \/>\nsbs: 1815205230<\/p>","protected":false},"excerpt":{"rendered":"<p>Numery producenta DF7839 Numery OE A.B.S.: 08.B304.10 A.B.S.: 18198 A.B.S.: 18198OE A.P.: 15028 ABE: C38024ABE ALANKO: 304049 ASHUKI by Palidium: K01650 ATE: 24011003551 BENDIX: 562780BC BLUE PRINT: ADK84325 BORG &amp; BECK: BBD5251 BOSCH: 0 986 479 B09 BRECO: BS6020 BREMBO: 08B30410 CAR: 1421632 CIFAM: 8001096 COMLINE: ADC0933 DELPHI: BG4289 FEBI BILSTEIN: 108403 FERODO: DDF2411C FREMAX: [&hellip;]<\/p>\n","protected":false},"featured_media":19707,"template":"","meta":{"_monsterinsights_skip_tracking":false,"_monsterinsights_sitenote_active":false,"_monsterinsights_sitenote_note":"","_monsterinsights_sitenote_category":0},"product_brand":[],"product_cat":[146],"product_tag":[],"class_list":{"0":"post-9205","1":"product","2":"type-product","3":"status-publish","4":"has-post-thumbnail","6":"product_cat-tarcze-hamulcowe","8":"first","9":"instock","10":"taxable","11":"shipping-taxable","12":"purchasable","13":"product-type-simple"},"_links":{"self":[{"href":"https:\/\/dev.niezawodneczesci.pl\/sk\/wp-json\/wp\/v2\/product\/9205","targetHints":{"allow":["GET"]}}],"collection":[{"href":"https:\/\/dev.niezawodneczesci.pl\/sk\/wp-json\/wp\/v2\/product"}],"about":[{"href":"https:\/\/dev.niezawodneczesci.pl\/sk\/wp-json\/wp\/v2\/types\/product"}],"version-history":[{"count":1,"href":"https:\/\/dev.niezawodneczesci.pl\/sk\/wp-json\/wp\/v2\/product\/9205\/revisions"}],"predecessor-version":[{"id":25641,"href":"https:\/\/dev.niezawodneczesci.pl\/sk\/wp-json\/wp\/v2\/product\/9205\/revisions\/25641"}],"wp:featuredmedia":[{"embeddable":true,"href":"https:\/\/dev.niezawodneczesci.pl\/sk\/wp-json\/wp\/v2\/media\/19707"}],"wp:attachment":[{"href":"https:\/\/dev.niezawodneczesci.pl\/sk\/wp-json\/wp\/v2\/media?parent=9205"}],"wp:term":[{"taxonomy":"product_brand","embeddable":true,"href":"https:\/\/dev.niezawodneczesci.pl\/sk\/wp-json\/wp\/v2\/product_brand?post=9205"},{"taxonomy":"product_cat","embeddable":true,"href":"https:\/\/dev.niezawodneczesci.pl\/sk\/wp-json\/wp\/v2\/product_cat?post=9205"},{"taxonomy":"product_tag","embeddable":true,"href":"https:\/\/dev.niezawodneczesci.pl\/sk\/wp-json\/wp\/v2\/product_tag?post=9205"}],"curies":[{"name":"wp","href":"https:\/\/api.w.org\/{rel}","templated":true}]}}