{"id":9206,"date":"2021-12-16T14:46:44","date_gmt":"2021-12-16T13:43:04","guid":{"rendered":"https:\/\/niezawodneczesci.pl\/\/?post_type=product&#038;p=9206"},"modified":"2026-04-24T01:04:56","modified_gmt":"2026-04-23T23:04:56","slug":"tarcza-hamulcowa-sr-01-7911","status":"publish","type":"product","link":"https:\/\/dev.niezawodneczesci.pl\/sk\/produkt\/tarcza-hamulcowa-sr-01-7911\/","title":{"rendered":"BRZDOV\u00dd KOT\u00da\u010c SR.01.7911"},"content":{"rendered":"<p>\u010c\u00edsla v\u00fdrobcov<br \/>\nDF7911<\/p>\n<p>OE \u010d\u00edsla<br \/>\nA.B.S.: 18117<br \/>\nA.P.: 15012<br \/>\nATE: 24011003561<br \/>\nATE: 24031003561<br \/>\nAUDI: 1K0 615 601 AA<br \/>\nAUDI: 5Q0 615 601 D<br \/>\nBENDIX: 562614BC<br \/>\nBLUE PRINT: ADV184326<br \/>\nBORG &amp; BECK: BBD5200<br \/>\nBOSCH: 0 986 479 677<br \/>\nBOSCH: 0 986 479 C20<br \/>\nBOSCH: 0 986 AB6 741<br \/>\nBRECO: BS6004<br \/>\nBREMBO: 08B41310<br \/>\nBREMBO: 08B41311<br \/>\nBREMBO: 08B4131X<br \/>\nBrake ENGINEERING: DI956918<br \/>\nCAR: 1421575<br \/>\nCAR: HPD1575<br \/>\nCIFAM: 8001248C<br \/>\nCUPRA: 5Q0 615 601 D<br \/>\nDELPHI: BG4324<br \/>\nDELPHI: BG4324C<br \/>\nDON: MDC2205<br \/>\nFEBI BILSTEIN: 36128<br \/>\nFERODO: DDF1895<br \/>\nFERODO: DDF18951<br \/>\nFERODO: DDF1895C1<br \/>\nFREMAX: BD5637<br \/>\nFTE: BS7322<br \/>\nFTE: BS7322B<br \/>\nGIRLING: 6079112<br \/>\nHELLA: 8DD 355 116-971<br \/>\nHELLA: 8DD 355 116-972<br \/>\nHELLA: 8DD 355 124-041<br \/>\nHELLA PAGID: 8DD 355 116-972<br \/>\nHELLA PAGID: 8DD 355 124-041<br \/>\nHELLA PAGID: 8DD355116971<br \/>\nJURID: 562614JC<br \/>\nKAWE: 6134000<br \/>\nLEMF\u00d6RDER: 36008 01<br \/>\nLPR: 1038PR<br \/>\nLPR: A1038P<br \/>\nMETELLI: 231248C<br \/>\nMETZGER: 6134000<br \/>\nMEYLE: 115 523 0005\/PD<br \/>\nMEYLE: 1155230012PD<br \/>\nMINTEX: MDC2205<br \/>\nNK: 2047137<br \/>\nNK: 3147137<br \/>\nOPEN PARTS: BDA253220<br \/>\nOPEN PARTS: BDA253910<br \/>\nOPEN PARTS: BDR253910<br \/>\nOPTIMAL: BS-8784<br \/>\nOPTIMAL: BS-8784C<br \/>\nPAGID: 55249<br \/>\nPAGID: 55249PRO<br \/>\nPILENGA: 5886<br \/>\nREMSA: 6134000<br \/>\nREMY: RAD1003C<br \/>\nROADHOUSE: 6134000<br \/>\nSEAT: 1K0 615 601 AA<br \/>\nSEAT: 5Q0 615 601 D<br \/>\nSKODA: 1K0 615 601 AA<br \/>\nSKODA: 5Q0 615 601 D<br \/>\nST-TEMPLIN: 0311010800<br \/>\nST-TEMPLIN: 0311010805<br \/>\nSWAG: 30936128<br \/>\nTEXTAR: 92224900<br \/>\nTEXTAR: 92224903<br \/>\nTEXTAR: 92224905<br \/>\nTRISCAN: 8120291043<br \/>\nTRISCAN: 8120291043C<br \/>\nTRUSTING: DF1433<br \/>\nVAICO: V1040086<br \/>\nVALEO: 196023<br \/>\nVALEO: 197544<br \/>\nVW: 1K0 615 601 AA<br \/>\nVW: 5Q0 615 601 D<br \/>\nWOKING: D6134000<br \/>\nZIMMERMANN: 600324120<br \/>\nfri.tech.: DF1433<\/p>","protected":false},"excerpt":{"rendered":"<p>Numery producenta DF7911 Numery OE A.B.S.: 18117 A.P.: 15012 ATE: 24011003561 ATE: 24031003561 AUDI: 1K0 615 601 AA AUDI: 5Q0 615 601 D BENDIX: 562614BC BLUE PRINT: ADV184326 BORG &amp; BECK: BBD5200 BOSCH: 0 986 479 677 BOSCH: 0 986 479 C20 BOSCH: 0 986 AB6 741 BRECO: BS6004 BREMBO: 08B41310 BREMBO: 08B41311 BREMBO: 08B4131X [&hellip;]<\/p>\n","protected":false},"featured_media":19712,"template":"","meta":{"_monsterinsights_skip_tracking":false,"_monsterinsights_sitenote_active":false,"_monsterinsights_sitenote_note":"","_monsterinsights_sitenote_category":0},"product_brand":[],"product_cat":[146],"product_tag":[],"class_list":{"0":"post-9206","1":"product","2":"type-product","3":"status-publish","4":"has-post-thumbnail","6":"product_cat-tarcze-hamulcowe","8":"first","9":"instock","10":"taxable","11":"shipping-taxable","12":"purchasable","13":"product-type-simple"},"_links":{"self":[{"href":"https:\/\/dev.niezawodneczesci.pl\/sk\/wp-json\/wp\/v2\/product\/9206","targetHints":{"allow":["GET"]}}],"collection":[{"href":"https:\/\/dev.niezawodneczesci.pl\/sk\/wp-json\/wp\/v2\/product"}],"about":[{"href":"https:\/\/dev.niezawodneczesci.pl\/sk\/wp-json\/wp\/v2\/types\/product"}],"version-history":[{"count":1,"href":"https:\/\/dev.niezawodneczesci.pl\/sk\/wp-json\/wp\/v2\/product\/9206\/revisions"}],"predecessor-version":[{"id":25640,"href":"https:\/\/dev.niezawodneczesci.pl\/sk\/wp-json\/wp\/v2\/product\/9206\/revisions\/25640"}],"wp:featuredmedia":[{"embeddable":true,"href":"https:\/\/dev.niezawodneczesci.pl\/sk\/wp-json\/wp\/v2\/media\/19712"}],"wp:attachment":[{"href":"https:\/\/dev.niezawodneczesci.pl\/sk\/wp-json\/wp\/v2\/media?parent=9206"}],"wp:term":[{"taxonomy":"product_brand","embeddable":true,"href":"https:\/\/dev.niezawodneczesci.pl\/sk\/wp-json\/wp\/v2\/product_brand?post=9206"},{"taxonomy":"product_cat","embeddable":true,"href":"https:\/\/dev.niezawodneczesci.pl\/sk\/wp-json\/wp\/v2\/product_cat?post=9206"},{"taxonomy":"product_tag","embeddable":true,"href":"https:\/\/dev.niezawodneczesci.pl\/sk\/wp-json\/wp\/v2\/product_tag?post=9206"}],"curies":[{"name":"wp","href":"https:\/\/api.w.org\/{rel}","templated":true}]}}