{"id":9955,"date":"2022-03-01T11:46:38","date_gmt":"2022-03-01T10:42:18","guid":{"rendered":"https:\/\/niezawodneczesci.pl\/\/?post_type=product&#038;p=9955"},"modified":"2026-04-24T01:04:43","modified_gmt":"2026-04-23T23:04:43","slug":"klocki-hamulcowe-sunrich-sr0976-01-2117","status":"publish","type":"product","link":"https:\/\/dev.niezawodneczesci.pl\/sk\/produkt\/klocki-hamulcowe-sunrich-sr0976-01-2117\/","title":{"rendered":"BRZDOV\u00c9 DESTI\u010cKY SUNRICH SR0976.01-2117"},"content":{"rendered":"<p>\u010c\u00edsla v\u00fdrobcov<br \/>\nGDB2117<\/p>\n<p>OE \u010d\u00edsla<br \/>\nA.B.S.: 35075<br \/>\nATE: 13.0460-3875.2<br \/>\nBORG &amp; BECK: BBP2514<br \/>\nBOSCH: 0 986 494 845<br \/>\nDELPHI: LP3136<br \/>\nFERODO: FVR4661<br \/>\nFORD: 1824121<br \/>\nFORD: 1829400<br \/>\nFORD: 1840479<br \/>\nFORD: 2391870<br \/>\nFORD: BK31-2K021-AA<br \/>\nFORD: BK31-2K021-AB<br \/>\nFORD: BK31-2K021-AC<br \/>\nFORD: BK31-2K021-AE<br \/>\nGIRLING: 6121176<br \/>\nHELLA: 8DB 355 021-571<br \/>\nHELLA PAGID: 8DB 355 021-571<br \/>\nICER: 142217<br \/>\nICER: RB2217<br \/>\nJURID: 573438J<br \/>\nMAGNETI MARELLI: 363700202395<br \/>\nMAPCO: 6981<br \/>\nMAPCO: 6981HPS<br \/>\nMETELLI: 22-1032-0<br \/>\nMEYLE: 025 220 3417\/PD<br \/>\nNK: 222582<br \/>\nREMSA: 160202<br \/>\nREMSA: 160262<br \/>\nREMSA: 160282<br \/>\nREMY: RAP1907<br \/>\nTEXTAR: 2203401<\/p>","protected":false},"excerpt":{"rendered":"<p>Numery producenta GDB2117 Numery OE A.B.S.: 35075 ATE: 13.0460-3875.2 BORG &amp; BECK: BBP2514 BOSCH: 0 986 494 845 DELPHI: LP3136 FERODO: FVR4661 FORD: 1824121 FORD: 1829400 FORD: 1840479 FORD: 2391870 FORD: BK31-2K021-AA FORD: BK31-2K021-AB FORD: BK31-2K021-AC FORD: BK31-2K021-AE GIRLING: 6121176 HELLA: 8DB 355 021-571 HELLA PAGID: 8DB 355 021-571 ICER: 142217 ICER: RB2217 JURID: 573438J [&hellip;]<\/p>\n","protected":false},"featured_media":18808,"template":"","meta":{"_monsterinsights_skip_tracking":false,"_monsterinsights_sitenote_active":false,"_monsterinsights_sitenote_note":"","_monsterinsights_sitenote_category":0},"product_brand":[],"product_cat":[149],"product_tag":[],"class_list":{"0":"post-9955","1":"product","2":"type-product","3":"status-publish","4":"has-post-thumbnail","6":"product_cat-klocki-hamulcowe","8":"first","9":"outofstock","10":"taxable","11":"shipping-taxable","12":"purchasable","13":"product-type-simple"},"_links":{"self":[{"href":"https:\/\/dev.niezawodneczesci.pl\/sk\/wp-json\/wp\/v2\/product\/9955","targetHints":{"allow":["GET"]}}],"collection":[{"href":"https:\/\/dev.niezawodneczesci.pl\/sk\/wp-json\/wp\/v2\/product"}],"about":[{"href":"https:\/\/dev.niezawodneczesci.pl\/sk\/wp-json\/wp\/v2\/types\/product"}],"version-history":[{"count":1,"href":"https:\/\/dev.niezawodneczesci.pl\/sk\/wp-json\/wp\/v2\/product\/9955\/revisions"}],"predecessor-version":[{"id":22676,"href":"https:\/\/dev.niezawodneczesci.pl\/sk\/wp-json\/wp\/v2\/product\/9955\/revisions\/22676"}],"wp:featuredmedia":[{"embeddable":true,"href":"https:\/\/dev.niezawodneczesci.pl\/sk\/wp-json\/wp\/v2\/media\/18808"}],"wp:attachment":[{"href":"https:\/\/dev.niezawodneczesci.pl\/sk\/wp-json\/wp\/v2\/media?parent=9955"}],"wp:term":[{"taxonomy":"product_brand","embeddable":true,"href":"https:\/\/dev.niezawodneczesci.pl\/sk\/wp-json\/wp\/v2\/product_brand?post=9955"},{"taxonomy":"product_cat","embeddable":true,"href":"https:\/\/dev.niezawodneczesci.pl\/sk\/wp-json\/wp\/v2\/product_cat?post=9955"},{"taxonomy":"product_tag","embeddable":true,"href":"https:\/\/dev.niezawodneczesci.pl\/sk\/wp-json\/wp\/v2\/product_tag?post=9955"}],"curies":[{"name":"wp","href":"https:\/\/api.w.org\/{rel}","templated":true}]}}